{"id":3104,"date":"2023-03-29T23:35:48","date_gmt":"2023-03-29T21:35:48","guid":{"rendered":"https:\/\/longevity-hub.cliniquelaprairie.com\/longevity-hubs\/"},"modified":"2023-05-09T01:13:20","modified_gmt":"2023-05-08T23:13:20","slug":"longevity-hubs","status":"publish","type":"page","link":"https:\/\/longevity-hub.cliniquelaprairie.com\/es\/longevity-hubs\/","title":{"rendered":"Longevity Hubs"},"content":{"rendered":"\r\n\t<div class=\"block-row-full\">\r\n\t\t\r\n\t\t<div id=\"hubslist\" class=\"hubslist-section uk-section uk-section-large uk-padding-remove sd9-block\">\r\n\t\t\r\n\t\t\t\t\r\n\t\t\t\t<div class=\"header-block uk-background-muted uk-section uk-margin-remove-bottom\">\r\n\t\t\t\t\t<div class=\"uk-container\">\r\n\t\t\t\t\t\t<div class=\"uk-flex uk-flex-center uk-text-center uk-padding uk-padding-remove-vertical\">\r\n\t\t\t\t\t\t\t<div class=\"desc-wrapper uk-width-2-3@m uk-width-3-4@s\">\r\n\t\t\t\t\t\t\t\t<h4 class=\"desc animateInitState\" uk-scrollspy=\"cls: uk-animation-slide-right-small; delay: 100; repeat: true;\">Los Longevity Hubs son un avance \u00fanico de nuestro recorrido de 90 a\u00f1os en busca de un bienestar \u00f3ptimo. Cada centro se encuentra en un entorno urbano, en el que puede consultar a expertos con regularidad y trabajar en su rutina de salud. <\/h4>\t\t\t\t\t\t\t<\/div>\t\t\t\t\t\t\r\n\t\t\t\t\t\t<\/div>\t\t\t\t\t\t\r\n\t\t\t\t\t<\/div>\r\n\t\t\t\t<\/div>\r\n\t\t\t\t\t\r\n\t\t\r\n\t\t\t<div class=\"uk-container-expand\">\r\n\t\t\t\r\n\t\t\t\t\r\n\t\t\t\t\t\t\t\t\t\t\t\t\t<div id=\"madrid\">\r\n\t\t\t\t\t\t\t\t\r\n\t\t\t\t\t\t\t\t<div class=\"list-grid uk-background-cover uk-background-center-right uk-background-image@m uk-grid uk-child-width-expand@m uk-grid-match uk-grid-collapse uk-flex uk-flex-middle\" uk-grid uk-height-match=\"target: .col\" \t\t\t\t\t\t\t\t\t\t\t\t\t\t\t\t\t\t\t\r\n\t\t\t\t\t\t\t\t\t<img \r\n\t\t\t\t\t\t\t\t\t\tdata-src=\"https:\/\/longevity-hub.cliniquelaprairie.com\/wp-content\/uploads\/2023\/03\/DSC06381-2400x1527.jpg\"\r\n\t\t\t\t\t\t\t\t\t\tdata-srcset=\"https:\/\/longevity-hub.cliniquelaprairie.com\/wp-content\/uploads\/2023\/03\/DSC06381-2400x1527.jpg 2400w, https:\/\/longevity-hub.cliniquelaprairie.com\/wp-content\/uploads\/2023\/03\/DSC06381-300x191.jpg 300w, https:\/\/longevity-hub.cliniquelaprairie.com\/wp-content\/uploads\/2023\/03\/DSC06381-1024x651.jpg 1024w, https:\/\/longevity-hub.cliniquelaprairie.com\/wp-content\/uploads\/2023\/03\/DSC06381-768x489.jpg 768w, https:\/\/longevity-hub.cliniquelaprairie.com\/wp-content\/uploads\/2023\/03\/DSC06381-1536x977.jpg 1536w, https:\/\/longevity-hub.cliniquelaprairie.com\/wp-content\/uploads\/2023\/03\/DSC06381-2048x1303.jpg 2048w, https:\/\/longevity-hub.cliniquelaprairie.com\/wp-content\/uploads\/2023\/03\/DSC06381-1600x1018.jpg 1600w, https:\/\/longevity-hub.cliniquelaprairie.com\/wp-content\/uploads\/2023\/03\/DSC06381-1920x1221.jpg 1920w, https:\/\/longevity-hub.cliniquelaprairie.com\/wp-content\/uploads\/2023\/03\/DSC06381-1258x800.jpg 1258w\"\r\n\t\t\t\t\t\t\t\t\t\tsizes=\"(max-width: 650px) 1200px, 100vw\"\r\n\t\t\t\t\t\t\t\t\t\tuk-img=\"loading: eager\"\r\n\t\t\t\t\t\t\t\t\t\/>\r\n\t\t\t\t\t\t\t\t\t\t\t\t\t\t\t\t\t\t\r\n\t\t\t\t\t\t\t\t\t\r\n\t\t\t\t\t\t\t\t\t<div class=\"col image-col uk-height-large\">\r\n\t\t\t\t\t\t\t\t\t\t\t\t\t\t\t\t\t\t\t<div class=\"info-cover-img animateInitState\" uk-scrollspy=\"cls: uk-animation-fade; repeat: true;\">\t\r\n\t\t\t\t\t\t\t\t\t\t\t<div class=\"largedevice col uk-height-large uk-background-cover uk-background-center-right\"\r\n\t\t\t\t\t\t\t\t\t\t\t\tdata-src=\"https:\/\/longevity-hub.cliniquelaprairie.com\/wp-content\/uploads\/2023\/03\/DSC06381-2400x1527.jpg\"\r\n\t\t\t\t\t\t\t\t\t\t\t\tdata-srcset=\"https:\/\/longevity-hub.cliniquelaprairie.com\/wp-content\/uploads\/2023\/03\/DSC06381-2400x1527.jpg 2400w, https:\/\/longevity-hub.cliniquelaprairie.com\/wp-content\/uploads\/2023\/03\/DSC06381-300x191.jpg 300w, https:\/\/longevity-hub.cliniquelaprairie.com\/wp-content\/uploads\/2023\/03\/DSC06381-1024x651.jpg 1024w, https:\/\/longevity-hub.cliniquelaprairie.com\/wp-content\/uploads\/2023\/03\/DSC06381-768x489.jpg 768w, https:\/\/longevity-hub.cliniquelaprairie.com\/wp-content\/uploads\/2023\/03\/DSC06381-1536x977.jpg 1536w, https:\/\/longevity-hub.cliniquelaprairie.com\/wp-content\/uploads\/2023\/03\/DSC06381-2048x1303.jpg 2048w, https:\/\/longevity-hub.cliniquelaprairie.com\/wp-content\/uploads\/2023\/03\/DSC06381-1600x1018.jpg 1600w, https:\/\/longevity-hub.cliniquelaprairie.com\/wp-content\/uploads\/2023\/03\/DSC06381-1920x1221.jpg 1920w, https:\/\/longevity-hub.cliniquelaprairie.com\/wp-content\/uploads\/2023\/03\/DSC06381-1258x800.jpg 1258w\"\r\n\t\t\t\t\t\t\t\t\t\t\t\talt=\"\"\r\n\t\t\t\t\t\t\t\t\t\t\t\tsizes=\"(max-width: 650px) 1200px, 100vw\" uk-img=\"loading: eager\">\r\n\t\t\t\t\t\t\t\t\t\t\t<\/div>\t\t\t\t\t\r\n\t\t\t\t\t\t\t\t\t\t<\/div>\t\r\n\t\t\t\t\t\t\t\t\t\t\r\n\t\t\t\t\t\t\t\t\t\t\r\n\t\t\t\t\t\t\t\t\t<\/div>\r\n\t\t\t\t\t\t\t\t\t\r\n\t\t\t\t\t\t\t\t\t<div class=\"uk-width-2-5@xl uk-width-1-3@l uk-width-2-5@m caption-col col uk-flex uk-flex-middle uk-background-cover uk-background-no-repeat uk-position-relative uk-flex-first@m\">\r\n\t\t\t\t\t\t\t\t\t\t\r\n\t\t\t\t\t\t\t\t\t\t<div class=\"inner-left uk-flex uk-flex-middle\">\r\n\t\t\t\t\t\t\t\t\t\r\n\t\t\t\t\t\t\t\t\t\t\t<div class=\"content-wrapper uk-width-1-1 uk-position-relative uk-padding-large\">\r\n\t\t\t\t\t\t\t\t\t\t\t\t<div class=\"inner-wrapper uk-text-center uk-text-left@m\">\r\n\t\t\t\t\t\t\t\t\t\t\t\t\t\t\t\t\t\t\t\t\t\t\t\t\t\r\n\t\t\t\t\t\t\t\t\t\t\t\t\t<div class=\"title uk-width-expand@m\"><h2 class=\"hub-title uk-margin-remove animateInitState\" uk-scrollspy=\"cls: uk-animation-slide-top-small; repeat: true;\">Madrid<\/h2><\/div>\t\t\t\t\t\t\t\t\t\t\t\t\t\r\n\t\t\t\t\t\t\t\t\t\t\t\t\t<div class=\"subtitle uk-width-expand@m\"><h4 class=\"hub-subtitle uk-margin-remove animateInitState\" uk-scrollspy=\"cls: uk-animation-slide-top-small; repeat: true;\">Calle de Fortuny<\/h4><\/div>\t\t\t\t\t\t\t\t\t\t\t\t\t\r\n\t\t\t\t\t\t\t\t\t\t\t\t\t\r\n\t\t\t\t\t\t\t\t\t\t\t\t\t<div class=\"description animateInitState\" uk-scrollspy=\"cls: uk-animation-slide-bottom-small; repeat: true;\"><div>\n<div>Calle de Fortuny, 6. D\u00faplex A<\/div>\n<div>28010 Madrid, Espa\u00f1a<\/div>\n<\/div>\n<div>\n<div>info@cliniquelaprairie.es<\/div>\n<\/div>\n<div>\n<div>+34 919 07 08 38<\/div>\n<\/div>\n<\/div>\t\t\t\t\t\t\t\t\t\t\t\t\t\r\n\t\t\t\t\t\t\t\t\t\t\t\t\t\t\t\t\t\t\t\t\t\t\t\t\t\t\t<div class=\"block-cta\">\t\t\t\t\t\t\t\t\t\t\t\t\t\t\t\r\n\t\t\t\t\t\t\t\t\t\t\t\t\t\t\t<a class=\"button uk-button uk-button-primary uk-position-relative btnicon uk-text-center animateInitState\" \r\n\t\t\t\t\t\t\t\t\t\t\t\t\t\t\t\thref=\"https:\/\/longevity-hub.cliniquelaprairie.com\/madrid\/\" \r\n\t\t\t\t\t\t\t\t\t\t\t\t\t\t\t    target=\"_blank\" \r\n\t\t\t\t\t\t\t\t\t\t\t\t\t\t\t\tuk-scrollspy=\"cls: uk-animation-fade; delay: 100; repeat: true;\">\r\n\t\t\t\t\t\t\t\t\t\t\t\t\t\t\t\tVisite el Longevity Hub\t\t\t\t\t\t\t\t\t\t\t\t\t\t\t\t<div class=\"arrowright\"><span class=\"\" uk-icon=\"icon: arrow-right; ratio: 1.5\"><\/span><\/div>\r\n\t\t\t\t\t\t\t\t\t\t\t\t\t\t\t<\/a>\t\t\t\t\t\t\t\t\t\t\t\t\t\t\r\n\t\t\t\t\t\t\t\t\t\t\t\t\t\t<\/div>\r\n\t\t\t\t\t\t\t\t\t\t\t\t\t\t\t\t\t\t\t\t\t\t\t\t\t\t\t<div class=\"block-cta\">\t\t\t\t\t\t\t\t\t\t\t\t\t\t\t\r\n\t\t\t\t\t\t\t\t\t\t\t\t\t\t\t<a class=\"button plain uk-button uk-position-relative btnicon uk-text-center animateInitState\" \r\n\t\t\t\t\t\t\t\t\t\t\t\t\t\t\t\thref=\"https:\/\/longevity-hub.cliniquelaprairie.com\/contact-us\/#madrid\" \r\n\t\t\t\t\t\t\t\t\t\t\t\t\t\t\t    target=\"_blank\" \r\n\t\t\t\t\t\t\t\t\t\t\t\t\t\t\t\tuk-scrollspy=\"cls: uk-animation-fade; delay: 100; repeat: true;\">\r\n\t\t\t\t\t\t\t\t\t\t\t\t\t\t\t\tContacto Hub\t\t\t\t\t\t\t\t\t\t\t\t\t\t\t\t<div class=\"arrowright\"><span class=\"\" uk-icon=\"icon: arrow-right; ratio: 1.5\"><\/span><\/div>\r\n\t\t\t\t\t\t\t\t\t\t\t\t\t\t\t<\/a>\t\t\t\t\t\t\t\t\t\t\t\t\t\t\r\n\t\t\t\t\t\t\t\t\t\t\t\t\t\t<\/div>\t\t\t\t\t\t\t\t\t\t\t\t\t\r\n\t\t\t\t\t\t\t\t\t\t\t\t\t\t\t\t\t\t\t\t\t\t\t\t\t\t\r\n\t\t\t\t\t\t\t\t\t\t\t\t<\/div>\r\n\t\t\t\t\t\t\t\t\t\t\t<\/div>\r\n\t\t\t\t\t\t\t\t\t\t<\/div>\r\n\t\t\t\t\t\t\t\t\t<\/div>\t\t\t\t\r\n\t\t\t\t\t\t\t\t<\/div>\t\t\t\t\t\t\t\r\n\t\t\t\t\t\t\t<\/div>\r\n\t\t\t\t\t\t\t\t\t\t\t\t\t<div id=\"doha\">\r\n\t\t\t\t\t\t\t\t\r\n\t\t\t\t\t\t\t\t<div class=\"list-grid uk-background-cover uk-background-center-right uk-background-image@m uk-grid uk-child-width-expand@m uk-grid-match uk-grid-collapse uk-flex uk-flex-middle\" uk-grid uk-height-match=\"target: .col\" \t\t\t\t\t\t\t\t\t\t\t\t\t\t\t\t\t\t\t\r\n\t\t\t\t\t\t\t\t\t<img \r\n\t\t\t\t\t\t\t\t\t\tdata-src=\"https:\/\/longevity-hub.cliniquelaprairie.com\/wp-content\/uploads\/2023\/03\/DSC07677-2400x1600.jpg\"\r\n\t\t\t\t\t\t\t\t\t\tdata-srcset=\"https:\/\/longevity-hub.cliniquelaprairie.com\/wp-content\/uploads\/2023\/03\/DSC07677-2400x1600.jpg 2400w, https:\/\/longevity-hub.cliniquelaprairie.com\/wp-content\/uploads\/2023\/03\/DSC07677-300x200.jpg 300w, https:\/\/longevity-hub.cliniquelaprairie.com\/wp-content\/uploads\/2023\/03\/DSC07677-1024x683.jpg 1024w, https:\/\/longevity-hub.cliniquelaprairie.com\/wp-content\/uploads\/2023\/03\/DSC07677-768x512.jpg 768w, https:\/\/longevity-hub.cliniquelaprairie.com\/wp-content\/uploads\/2023\/03\/DSC07677-1536x1024.jpg 1536w, https:\/\/longevity-hub.cliniquelaprairie.com\/wp-content\/uploads\/2023\/03\/DSC07677-2048x1365.jpg 2048w, https:\/\/longevity-hub.cliniquelaprairie.com\/wp-content\/uploads\/2023\/03\/DSC07677-1600x1067.jpg 1600w, https:\/\/longevity-hub.cliniquelaprairie.com\/wp-content\/uploads\/2023\/03\/DSC07677-1920x1280.jpg 1920w, https:\/\/longevity-hub.cliniquelaprairie.com\/wp-content\/uploads\/2023\/03\/DSC07677-1200x800.jpg 1200w\"\r\n\t\t\t\t\t\t\t\t\t\tsizes=\"(max-width: 650px) 1200px, 100vw\"\r\n\t\t\t\t\t\t\t\t\t\tuk-img=\"loading: eager\"\r\n\t\t\t\t\t\t\t\t\t\/>\r\n\t\t\t\t\t\t\t\t\t\t\t\t\t\t\t\t\t\t\r\n\t\t\t\t\t\t\t\t\t\r\n\t\t\t\t\t\t\t\t\t<div class=\"col image-col uk-height-large\">\r\n\t\t\t\t\t\t\t\t\t\t\t\t\t\t\t\t\t\t\t<div class=\"info-cover-img animateInitState\" uk-scrollspy=\"cls: uk-animation-fade; repeat: true;\">\t\r\n\t\t\t\t\t\t\t\t\t\t\t<div class=\"largedevice col uk-height-large uk-background-cover uk-background-center-right\"\r\n\t\t\t\t\t\t\t\t\t\t\t\tdata-src=\"https:\/\/longevity-hub.cliniquelaprairie.com\/wp-content\/uploads\/2023\/03\/DSC07677-2400x1600.jpg\"\r\n\t\t\t\t\t\t\t\t\t\t\t\tdata-srcset=\"https:\/\/longevity-hub.cliniquelaprairie.com\/wp-content\/uploads\/2023\/03\/DSC07677-2400x1600.jpg 2400w, https:\/\/longevity-hub.cliniquelaprairie.com\/wp-content\/uploads\/2023\/03\/DSC07677-300x200.jpg 300w, https:\/\/longevity-hub.cliniquelaprairie.com\/wp-content\/uploads\/2023\/03\/DSC07677-1024x683.jpg 1024w, https:\/\/longevity-hub.cliniquelaprairie.com\/wp-content\/uploads\/2023\/03\/DSC07677-768x512.jpg 768w, https:\/\/longevity-hub.cliniquelaprairie.com\/wp-content\/uploads\/2023\/03\/DSC07677-1536x1024.jpg 1536w, https:\/\/longevity-hub.cliniquelaprairie.com\/wp-content\/uploads\/2023\/03\/DSC07677-2048x1365.jpg 2048w, https:\/\/longevity-hub.cliniquelaprairie.com\/wp-content\/uploads\/2023\/03\/DSC07677-1600x1067.jpg 1600w, https:\/\/longevity-hub.cliniquelaprairie.com\/wp-content\/uploads\/2023\/03\/DSC07677-1920x1280.jpg 1920w, https:\/\/longevity-hub.cliniquelaprairie.com\/wp-content\/uploads\/2023\/03\/DSC07677-1200x800.jpg 1200w\"\r\n\t\t\t\t\t\t\t\t\t\t\t\talt=\"\"\r\n\t\t\t\t\t\t\t\t\t\t\t\tsizes=\"(max-width: 650px) 1200px, 100vw\" uk-img=\"loading: eager\">\r\n\t\t\t\t\t\t\t\t\t\t\t<\/div>\t\t\t\t\t\r\n\t\t\t\t\t\t\t\t\t\t<\/div>\t\r\n\t\t\t\t\t\t\t\t\t\t\r\n\t\t\t\t\t\t\t\t\t\t\r\n\t\t\t\t\t\t\t\t\t<\/div>\r\n\t\t\t\t\t\t\t\t\t\r\n\t\t\t\t\t\t\t\t\t<div class=\"uk-width-2-5@xl uk-width-1-3@l uk-width-2-5@m caption-col col uk-flex uk-flex-middle uk-background-cover uk-background-no-repeat uk-position-relative uk-flex-first@m\">\r\n\t\t\t\t\t\t\t\t\t\t\r\n\t\t\t\t\t\t\t\t\t\t<div class=\"inner-left uk-flex uk-flex-middle\">\r\n\t\t\t\t\t\t\t\t\t\r\n\t\t\t\t\t\t\t\t\t\t\t<div class=\"content-wrapper uk-width-1-1 uk-position-relative uk-padding-large\">\r\n\t\t\t\t\t\t\t\t\t\t\t\t<div class=\"inner-wrapper uk-text-center uk-text-left@m\">\r\n\t\t\t\t\t\t\t\t\t\t\t\t\t\t\t\t\t\t\t\t\t\t\t\t\t\r\n\t\t\t\t\t\t\t\t\t\t\t\t\t<div class=\"title uk-width-expand@m\"><h2 class=\"hub-title uk-margin-remove animateInitState\" uk-scrollspy=\"cls: uk-animation-slide-top-small; repeat: true;\">Doha<\/h2><\/div>\t\t\t\t\t\t\t\t\t\t\t\t\t\r\n\t\t\t\t\t\t\t\t\t\t\t\t\t<div class=\"subtitle uk-width-expand@m\"><h4 class=\"hub-subtitle uk-margin-remove animateInitState\" uk-scrollspy=\"cls: uk-animation-slide-top-small; repeat: true;\">St. Regis Marsa Arabia, The Pearl &#8211; Qatar<\/h4><\/div>\t\t\t\t\t\t\t\t\t\t\t\t\t\r\n\t\t\t\t\t\t\t\t\t\t\t\t\t\r\n\t\t\t\t\t\t\t\t\t\t\t\t\t<div class=\"description animateInitState\" uk-scrollspy=\"cls: uk-animation-slide-bottom-small; repeat: true;\"><p>Marina Way 8 torre 8 nivel 12<br \/>\n1205 Doha, Qatar<br \/>\ninfo@cliniquelaprairiedoha.com<br \/>\n+974 40 20 44 88<\/p>\n<\/div>\t\t\t\t\t\t\t\t\t\t\t\t\t\r\n\t\t\t\t\t\t\t\t\t\t\t\t\t\t\t\t\t\t\t\t\t\t\t\t\t\t\t<div class=\"block-cta\">\t\t\t\t\t\t\t\t\t\t\t\t\t\t\t\r\n\t\t\t\t\t\t\t\t\t\t\t\t\t\t\t<a class=\"button uk-button uk-button-primary uk-position-relative btnicon uk-text-center animateInitState\" \r\n\t\t\t\t\t\t\t\t\t\t\t\t\t\t\t\thref=\"https:\/\/longevity-hub.cliniquelaprairie.com\/doha\/\" \r\n\t\t\t\t\t\t\t\t\t\t\t\t\t\t\t    target=\"_blank\" \r\n\t\t\t\t\t\t\t\t\t\t\t\t\t\t\t\tuk-scrollspy=\"cls: uk-animation-fade; delay: 100; repeat: true;\">\r\n\t\t\t\t\t\t\t\t\t\t\t\t\t\t\t\tVisite el Longevity Hub\t\t\t\t\t\t\t\t\t\t\t\t\t\t\t\t<div class=\"arrowright\"><span class=\"\" uk-icon=\"icon: arrow-right; ratio: 1.5\"><\/span><\/div>\r\n\t\t\t\t\t\t\t\t\t\t\t\t\t\t\t<\/a>\t\t\t\t\t\t\t\t\t\t\t\t\t\t\r\n\t\t\t\t\t\t\t\t\t\t\t\t\t\t<\/div>\r\n\t\t\t\t\t\t\t\t\t\t\t\t\t\t\t\t\t\t\t\t\t\t\t\t\t\t\t<div class=\"block-cta\">\t\t\t\t\t\t\t\t\t\t\t\t\t\t\t\r\n\t\t\t\t\t\t\t\t\t\t\t\t\t\t\t<a class=\"button plain uk-button uk-position-relative btnicon uk-text-center animateInitState\" \r\n\t\t\t\t\t\t\t\t\t\t\t\t\t\t\t\thref=\"https:\/\/longevity-hub.cliniquelaprairie.com\/contact-us\/\" \r\n\t\t\t\t\t\t\t\t\t\t\t\t\t\t\t    target=\"_blank\" \r\n\t\t\t\t\t\t\t\t\t\t\t\t\t\t\t\tuk-scrollspy=\"cls: uk-animation-fade; delay: 100; repeat: true;\">\r\n\t\t\t\t\t\t\t\t\t\t\t\t\t\t\t\tContacto Hub\t\t\t\t\t\t\t\t\t\t\t\t\t\t\t\t<div class=\"arrowright\"><span class=\"\" uk-icon=\"icon: arrow-right; ratio: 1.5\"><\/span><\/div>\r\n\t\t\t\t\t\t\t\t\t\t\t\t\t\t\t<\/a>\t\t\t\t\t\t\t\t\t\t\t\t\t\t\r\n\t\t\t\t\t\t\t\t\t\t\t\t\t\t<\/div>\t\t\t\t\t\t\t\t\t\t\t\t\t\r\n\t\t\t\t\t\t\t\t\t\t\t\t\t\t\t\t\t\t\t\t\t\t\t\t\t\t\r\n\t\t\t\t\t\t\t\t\t\t\t\t<\/div>\r\n\t\t\t\t\t\t\t\t\t\t\t<\/div>\r\n\t\t\t\t\t\t\t\t\t\t<\/div>\r\n\t\t\t\t\t\t\t\t\t<\/div>\t\t\t\t\r\n\t\t\t\t\t\t\t\t<\/div>\t\t\t\t\t\t\t\r\n\t\t\t\t\t\t\t<\/div>\r\n\t\t\t\t\t\t\t\t\t\r\n\t\t\t\r\n\t\t\t\t\r\n\t\t\t<\/div><!-- .container-expand -->\t\r\n\t\t<\/div><!-- .hubslist-section -->\t\r\n\r\n\t<\/div><!-- .block-row-full -->\r\n\r\n<div class=\"block-row-full\">\t\r\n\t\r\n\t<div id=\"fullimage01\" class=\"fullimage-section uk-section uk-section-large uk-background-no-repeat s9d-block uk-light uk-background-cover uk-position-relative uk-flex uk-flex-middle uk-flex-center\" \t\t\t\t\t\t<img \r\n\t\t\t\tdata-src=\"https:\/\/longevity-hub.cliniquelaprairie.com\/wp-content\/uploads\/2023\/03\/cta-block-light-2400x988.jpg\"\r\n\t\t\t\tdata-srcset=\"https:\/\/longevity-hub.cliniquelaprairie.com\/wp-content\/uploads\/2023\/03\/cta-block-light-2400x988.jpg 2400w, https:\/\/longevity-hub.cliniquelaprairie.com\/wp-content\/uploads\/2023\/03\/cta-block-light-300x123.jpg 300w, https:\/\/longevity-hub.cliniquelaprairie.com\/wp-content\/uploads\/2023\/03\/cta-block-light-1024x421.jpg 1024w, https:\/\/longevity-hub.cliniquelaprairie.com\/wp-content\/uploads\/2023\/03\/cta-block-light-768x316.jpg 768w, https:\/\/longevity-hub.cliniquelaprairie.com\/wp-content\/uploads\/2023\/03\/cta-block-light-1536x632.jpg 1536w, https:\/\/longevity-hub.cliniquelaprairie.com\/wp-content\/uploads\/2023\/03\/cta-block-light-2048x843.jpg 2048w, https:\/\/longevity-hub.cliniquelaprairie.com\/wp-content\/uploads\/2023\/03\/cta-block-light-1600x659.jpg 1600w, https:\/\/longevity-hub.cliniquelaprairie.com\/wp-content\/uploads\/2023\/03\/cta-block-light-1920x790.jpg 1920w, https:\/\/longevity-hub.cliniquelaprairie.com\/wp-content\/uploads\/2023\/03\/cta-block-light-1944x800.jpg 1944w\"\r\n\t\t\t\talt=\"\"\r\n\t\t\t\tsizes=\"(max-width: 650px) 1200px, 100vw\"\r\n\t\t\t\tuk-img=\"loading: eager\"\r\n\t\t\t\/>\r\n\t\t\t\t\t\t\t\r\n\t\t<div class=\"uk-position-cover\" style=\"background-color:rgba(0,0,0,0.4)\"><\/div>\t\t\t\r\n\t\t<div class=\"uk-container\">\t\t\r\n\t\t\t\t\t\r\n\t\t\t<div class=\"uk-position-relative uk-flex uk-flex-middle uk-flex-center uk-text-center\">\r\n\t\t\t\r\n\t\t\t\t<div class=\"banner-cta-content uk-width-1-1\">\r\n\t\t\t\t\t\t\t\t\t\t\t\t\t\t\t\t\t\t\t\t\t\t\t\t\t\t\t\r\n\t\t\t\t\t\t\t\t\t\t\t<div class=\"description animateInitState uk-h2 uk-flex uk-flex-center\" uk-scrollspy=\"cls: uk-animation-slide-bottom-small; repeat: true;\">\r\n\t\t\t\t\t\t\t<div class=\"uk-width-2-3@m\">Su experiencia transformadora en los Longevity Hubs de Clinique La Prairie es solo el comienzo de un camino a\u00fan m\u00e1s profundo y satisfactorio.<\/div>\r\n\t\t\t\t\t\t<\/div>\r\n\t\t\t\t\t\t\t\t\t\r\n\t\t\t\t\t\t\r\n\t\t\t\r\n\t\t\t\t<\/div>\r\n\t\t\t<\/div>\t\r\n\t\t\t\t\t\r\n\t\t<\/div><!-- .container -->\t\r\n\t<\/div><!-- .section -->\t\t\r\n<\/div>","protected":false},"excerpt":{"rendered":"","protected":false},"author":1,"featured_media":0,"parent":0,"menu_order":0,"comment_status":"closed","ping_status":"closed","template":"","meta":{"_acf_changed":false,"footnotes":""},"class_list":["post-3104","page","type-page","status-publish","hentry"],"acf":[],"yoast_head":"<!-- This site is optimized with the Yoast SEO plugin v27.4 - https:\/\/yoast.com\/product\/yoast-seo-wordpress\/ -->\n<title>Longevity Hubs - Longevity Hub de Clinique La Prairie<\/title>\n<meta name=\"robots\" content=\"index, follow, max-snippet:-1, max-image-preview:large, max-video-preview:-1\" \/>\n<link rel=\"canonical\" href=\"https:\/\/longevity-hub.cliniquelaprairie.com\/es\/longevity-hubs\/\" \/>\n<meta property=\"og:locale\" content=\"es_ES\" \/>\n<meta property=\"og:type\" content=\"article\" \/>\n<meta property=\"og:title\" content=\"Longevity Hubs - Longevity Hub de Clinique La Prairie\" \/>\n<meta property=\"og:url\" content=\"https:\/\/longevity-hub.cliniquelaprairie.com\/es\/longevity-hubs\/\" \/>\n<meta property=\"og:site_name\" content=\"Longevity Hub de Clinique La Prairie\" \/>\n<meta property=\"article:publisher\" content=\"https:\/\/www.facebook.com\/cliniquelaprairie\" \/>\n<meta property=\"article:modified_time\" content=\"2023-05-08T23:13:20+00:00\" \/>\n<meta name=\"twitter:card\" content=\"summary_large_image\" \/>\n<meta name=\"twitter:site\" content=\"@cliniqueprairie\" \/>\n<script type=\"application\/ld+json\" class=\"yoast-schema-graph\">{\"@context\":\"https:\\\/\\\/schema.org\",\"@graph\":[{\"@type\":\"WebPage\",\"@id\":\"https:\\\/\\\/longevity-hub.cliniquelaprairie.com\\\/es\\\/longevity-hubs\\\/\",\"url\":\"https:\\\/\\\/longevity-hub.cliniquelaprairie.com\\\/es\\\/longevity-hubs\\\/\",\"name\":\"Longevity Hubs - Longevity Hub de Clinique La Prairie\",\"isPartOf\":{\"@id\":\"https:\\\/\\\/longevity-hub.cliniquelaprairie.com\\\/es\\\/#website\"},\"datePublished\":\"2023-03-29T21:35:48+00:00\",\"dateModified\":\"2023-05-08T23:13:20+00:00\",\"breadcrumb\":{\"@id\":\"https:\\\/\\\/longevity-hub.cliniquelaprairie.com\\\/es\\\/longevity-hubs\\\/#breadcrumb\"},\"inLanguage\":\"es\",\"potentialAction\":[{\"@type\":\"ReadAction\",\"target\":[\"https:\\\/\\\/longevity-hub.cliniquelaprairie.com\\\/es\\\/longevity-hubs\\\/\"]}]},{\"@type\":\"BreadcrumbList\",\"@id\":\"https:\\\/\\\/longevity-hub.cliniquelaprairie.com\\\/es\\\/longevity-hubs\\\/#breadcrumb\",\"itemListElement\":[{\"@type\":\"ListItem\",\"position\":1,\"name\":\"Home\",\"item\":\"https:\\\/\\\/longevity-hub.cliniquelaprairie.com\\\/es\\\/inicio\\\/\"},{\"@type\":\"ListItem\",\"position\":2,\"name\":\"Longevity Hubs\"}]},{\"@type\":\"WebSite\",\"@id\":\"https:\\\/\\\/longevity-hub.cliniquelaprairie.com\\\/es\\\/#website\",\"url\":\"https:\\\/\\\/longevity-hub.cliniquelaprairie.com\\\/es\\\/\",\"name\":\"Longevity Hub by Clinique La Prairie\",\"description\":\"Protocolos personalizados al m\u00e1ximo para optimizar su salud\",\"publisher\":{\"@id\":\"https:\\\/\\\/longevity-hub.cliniquelaprairie.com\\\/es\\\/#organization\"},\"potentialAction\":[{\"@type\":\"SearchAction\",\"target\":{\"@type\":\"EntryPoint\",\"urlTemplate\":\"https:\\\/\\\/longevity-hub.cliniquelaprairie.com\\\/es\\\/?s={search_term_string}\"},\"query-input\":{\"@type\":\"PropertyValueSpecification\",\"valueRequired\":true,\"valueName\":\"search_term_string\"}}],\"inLanguage\":\"es\"},{\"@type\":\"Organization\",\"@id\":\"https:\\\/\\\/longevity-hub.cliniquelaprairie.com\\\/es\\\/#organization\",\"name\":\"Longevity Hub by Clinique La Prairie\",\"url\":\"https:\\\/\\\/longevity-hub.cliniquelaprairie.com\\\/es\\\/\",\"logo\":{\"@type\":\"ImageObject\",\"inLanguage\":\"es\",\"@id\":\"https:\\\/\\\/longevity-hub.cliniquelaprairie.com\\\/es\\\/#\\\/schema\\\/logo\\\/image\\\/\",\"url\":\"https:\\\/\\\/longevity-hub.cliniquelaprairie.com\\\/wp-content\\\/uploads\\\/2023\\\/04\\\/cropped-FAVICON-LH-.png\",\"contentUrl\":\"https:\\\/\\\/longevity-hub.cliniquelaprairie.com\\\/wp-content\\\/uploads\\\/2023\\\/04\\\/cropped-FAVICON-LH-.png\",\"width\":512,\"height\":512,\"caption\":\"Longevity Hub by Clinique La Prairie\"},\"image\":{\"@id\":\"https:\\\/\\\/longevity-hub.cliniquelaprairie.com\\\/es\\\/#\\\/schema\\\/logo\\\/image\\\/\"},\"sameAs\":[\"https:\\\/\\\/www.facebook.com\\\/cliniquelaprairie\",\"https:\\\/\\\/x.com\\\/cliniqueprairie\",\"https:\\\/\\\/www.instagram.com\\\/cliniquelaprairie\"]}]}<\/script>\n<!-- \/ Yoast SEO plugin. -->","yoast_head_json":{"title":"Longevity Hubs - Longevity Hub de Clinique La Prairie","robots":{"index":"index","follow":"follow","max-snippet":"max-snippet:-1","max-image-preview":"max-image-preview:large","max-video-preview":"max-video-preview:-1"},"canonical":"https:\/\/longevity-hub.cliniquelaprairie.com\/es\/longevity-hubs\/","og_locale":"es_ES","og_type":"article","og_title":"Longevity Hubs - Longevity Hub de Clinique La Prairie","og_url":"https:\/\/longevity-hub.cliniquelaprairie.com\/es\/longevity-hubs\/","og_site_name":"Longevity Hub de Clinique La Prairie","article_publisher":"https:\/\/www.facebook.com\/cliniquelaprairie","article_modified_time":"2023-05-08T23:13:20+00:00","twitter_card":"summary_large_image","twitter_site":"@cliniqueprairie","schema":{"@context":"https:\/\/schema.org","@graph":[{"@type":"WebPage","@id":"https:\/\/longevity-hub.cliniquelaprairie.com\/es\/longevity-hubs\/","url":"https:\/\/longevity-hub.cliniquelaprairie.com\/es\/longevity-hubs\/","name":"Longevity Hubs - Longevity Hub de Clinique La Prairie","isPartOf":{"@id":"https:\/\/longevity-hub.cliniquelaprairie.com\/es\/#website"},"datePublished":"2023-03-29T21:35:48+00:00","dateModified":"2023-05-08T23:13:20+00:00","breadcrumb":{"@id":"https:\/\/longevity-hub.cliniquelaprairie.com\/es\/longevity-hubs\/#breadcrumb"},"inLanguage":"es","potentialAction":[{"@type":"ReadAction","target":["https:\/\/longevity-hub.cliniquelaprairie.com\/es\/longevity-hubs\/"]}]},{"@type":"BreadcrumbList","@id":"https:\/\/longevity-hub.cliniquelaprairie.com\/es\/longevity-hubs\/#breadcrumb","itemListElement":[{"@type":"ListItem","position":1,"name":"Home","item":"https:\/\/longevity-hub.cliniquelaprairie.com\/es\/inicio\/"},{"@type":"ListItem","position":2,"name":"Longevity Hubs"}]},{"@type":"WebSite","@id":"https:\/\/longevity-hub.cliniquelaprairie.com\/es\/#website","url":"https:\/\/longevity-hub.cliniquelaprairie.com\/es\/","name":"Longevity Hub by Clinique La Prairie","description":"Protocolos personalizados al m\u00e1ximo para optimizar su salud","publisher":{"@id":"https:\/\/longevity-hub.cliniquelaprairie.com\/es\/#organization"},"potentialAction":[{"@type":"SearchAction","target":{"@type":"EntryPoint","urlTemplate":"https:\/\/longevity-hub.cliniquelaprairie.com\/es\/?s={search_term_string}"},"query-input":{"@type":"PropertyValueSpecification","valueRequired":true,"valueName":"search_term_string"}}],"inLanguage":"es"},{"@type":"Organization","@id":"https:\/\/longevity-hub.cliniquelaprairie.com\/es\/#organization","name":"Longevity Hub by Clinique La Prairie","url":"https:\/\/longevity-hub.cliniquelaprairie.com\/es\/","logo":{"@type":"ImageObject","inLanguage":"es","@id":"https:\/\/longevity-hub.cliniquelaprairie.com\/es\/#\/schema\/logo\/image\/","url":"https:\/\/longevity-hub.cliniquelaprairie.com\/wp-content\/uploads\/2023\/04\/cropped-FAVICON-LH-.png","contentUrl":"https:\/\/longevity-hub.cliniquelaprairie.com\/wp-content\/uploads\/2023\/04\/cropped-FAVICON-LH-.png","width":512,"height":512,"caption":"Longevity Hub by Clinique La Prairie"},"image":{"@id":"https:\/\/longevity-hub.cliniquelaprairie.com\/es\/#\/schema\/logo\/image\/"},"sameAs":["https:\/\/www.facebook.com\/cliniquelaprairie","https:\/\/x.com\/cliniqueprairie","https:\/\/www.instagram.com\/cliniquelaprairie"]}]}},"_links":{"self":[{"href":"https:\/\/longevity-hub.cliniquelaprairie.com\/es\/wp-json\/wp\/v2\/pages\/3104","targetHints":{"allow":["GET"]}}],"collection":[{"href":"https:\/\/longevity-hub.cliniquelaprairie.com\/es\/wp-json\/wp\/v2\/pages"}],"about":[{"href":"https:\/\/longevity-hub.cliniquelaprairie.com\/es\/wp-json\/wp\/v2\/types\/page"}],"author":[{"embeddable":true,"href":"https:\/\/longevity-hub.cliniquelaprairie.com\/es\/wp-json\/wp\/v2\/users\/1"}],"replies":[{"embeddable":true,"href":"https:\/\/longevity-hub.cliniquelaprairie.com\/es\/wp-json\/wp\/v2\/comments?post=3104"}],"version-history":[{"count":3,"href":"https:\/\/longevity-hub.cliniquelaprairie.com\/es\/wp-json\/wp\/v2\/pages\/3104\/revisions"}],"predecessor-version":[{"id":3110,"href":"https:\/\/longevity-hub.cliniquelaprairie.com\/es\/wp-json\/wp\/v2\/pages\/3104\/revisions\/3110"}],"wp:attachment":[{"href":"https:\/\/longevity-hub.cliniquelaprairie.com\/es\/wp-json\/wp\/v2\/media?parent=3104"}],"curies":[{"name":"wp","href":"https:\/\/api.w.org\/{rel}","templated":true}]}}