{"id":3128,"date":"2023-03-30T00:35:38","date_gmt":"2023-03-29T22:35:38","guid":{"rendered":"https:\/\/longevity-hub.cliniquelaprairie.com\/membresia\/"},"modified":"2023-05-09T03:39:23","modified_gmt":"2023-05-09T01:39:23","slug":"membresia","status":"publish","type":"page","link":"https:\/\/longevity-hub.cliniquelaprairie.com\/es\/membresia\/","title":{"rendered":"Membres\u00eda"},"content":{"rendered":"<div class=\"block-row-full \">\t\t\t\r\t<div id=\"sectionintro\" class=\"sectionintro-section uk-section sd9-block\" >\r\t\t<div class=\"uk-container\">\r\t\t\t\r\t\t\t<div class=\"sectionintro style02\">\r\t\t\r\t\t\t\t\t\t\t\r\r\t\t\t\t\t<div class=\"introblock uk-child-width-1-2@m uk-grid uk-grid-collapse uk-text-left@m uk-text-center\" uk-grid uk-margin=\"margin: uk-margin-medium-top\"> \r\t\t\t\t\t\t<div class=\"title-wrapper\">\r\t\t\t\t\t\t\t<h2 class=\"title uk-margin-remove animateInitState\" uk-scrollspy=\"cls: uk-animation-slide-left-small; delay: 100; repeat: true;\">Disfrute de todas las ventajas en nuestros Longevity Hubs<\/h2>\t\t\t\t\t\t<\/div>\t\r\t\t\t\t\t\t<div class=\"desc-wrapper\">\r\t\t\t\t\t\t\t<div class=\"desc animateInitState\" uk-scrollspy=\"cls: uk-animation-slide-right-small; delay: 100; repeat: true;\">Queremos ayudarle a mantener un estilo de vida saludable y a cumplir un prop\u00f3sito m\u00e1s profundo en sus objetivos a largo plazo. Nuestros programas de membres\u00eda est\u00e1n dise\u00f1ados para ofrecerle las rutinas, los recursos y el apoyo que necesitas para tomar el control de su salud y optimizar su cuerpo desde el interior. Como miembro tendr\u00e1 acceso a tecnolog\u00edas de vanguardia, evaluaciones personalizadas, asesoramiento de salud y contenidos exclusivos. En funci\u00f3n de la ubicaci\u00f3n, las instalaciones y los expertos, nuestros Longevity Hubs pueden tener ofertas especiales disponibles. Pregunte a nuestros equipos para obtener m\u00e1s informaci\u00f3n. \n <\/div>\t\t\t\t\t\t<\/div>\t\t\t\t\t\t\r\t\t\t\t\t<\/div>\r\t\t\t\t\t\r\t\t\t\t\t\t\r\t\t\t<\/div>\t\r\r\t\t\t\r\t\t<\/div><!-- .uk-container -->\t\r\t\t\r\t<\/div><!-- .section -->\t\r<\/div><!-- .block-row-full -->\r\r\n\t<div class=\"block-row-full\">\r\n\t\t\r\n\t\t<div id=\"imgtext\" class=\"imgtext-section info01-section uk-section uk-background-cover uk-background-no-repeat  uk-padding-remove-top uk-padding-remove-bottom sd9-block\"  >\r\n\t\t\r\n\r\n\t\t\t<div class=\"uk-container uk-container-large\">\r\n\t\t\t\r\n\t\t\t\t<div class=\"sec-grid uk-grid uk-child-width-expand@m uk-grid-collapse\" uk-grid uk-height-match=\"target: .col\" uk-margin=\"margin: uk-margin-remove-top\">\r\n\r\n\t\t\t\t\t\t\t\t\t\t\t\t\t\t\t<div class=\"col \">\r\n\t\t\t\t\t\t\t\t\t\t\t<div class=\"uk-text-center largedevice col uk-cover-container\">\r\n\t\t\t\t\t\t\t\t\t\t\t\t<canvas width=\"819\" height=\"751\"><\/canvas>\r\n\t\t\t\t\t\t\t\t\t\t\t\t<img decoding=\"async\" srcset=\"https:\/\/longevity-hub.cliniquelaprairie.com\/wp-content\/uploads\/2023\/03\/Capture.jpg 819w, https:\/\/longevity-hub.cliniquelaprairie.com\/wp-content\/uploads\/2023\/03\/Capture-300x275.jpg 300w, https:\/\/longevity-hub.cliniquelaprairie.com\/wp-content\/uploads\/2023\/03\/Capture-768x704.jpg 768w\"\r\n\t\t\t\t\t\t\t\t\t\t\t\t\t sizes=\"(max-width: 768px) 100vw, 50vw\"\r\n\t\t\t\t\t\t\t\t\t\t\t\t\t src=\"https:\/\/longevity-hub.cliniquelaprairie.com\/wp-content\/uploads\/2023\/03\/Capture.jpg\"\r\n\t\t\t\t\t\t\t\t\t\t\t\t\t alt=\"\"\r\n\t\t\t\t\t\t\t\t\t\t\t\t\t width=\"680\" height=\"auto\" \r\n\t\t\t\t\t\t\t\t\t\t\t\t\t class=\"uk-cover\" uk-cover>\r\n\t\t\t\t\t\t\t\t\t\t\t<\/div>   \r\n\t\t\t\t\t\t\t\t\t\t<\/div>\r\n\t\t\t\t\t\t\t\t\t\t\t\t\t\t\r\n\t\t\t\t\t\r\n\t\t\t\t\t<div class=\"col uk-flex uk-flex-middle \" style=\"background-color: rgb(255,255,255);\">\r\n\t\t\t\t\t\r\n\t\t\t\t\t\t<div class=\"\">\r\n\t\t\t\t\t\r\n\t\t\t\t\t\t\t\t<div class=\"content-wrapper uk-position-relative uk-padding-large\t\t\t\t\t\t\t\t\">\r\n\t\t\t\t\t\t\t\t\r\n\t\t\t\t\t\t\t\t\t\t\t\t\t\t\t\r\n\t\t\t\t\t\t\t\t\t<div class=\"uk-text-center uk-text-left@m boxed\">\r\n\t\t\t\t\t\t\t\t\t\r\n\t\t\t\t\t\t\t\t\t\t<h3 class=\"section-title uk-margin-remove animateInitState\" uk-scrollspy=\"cls: uk-animation-slide-top-small; repeat: true;\">Longevity Privilege<\/h3>\t\t\t\t\t\t\t\t\t\t\r\n\t\t\t\t\t\t\t\t\t\t\t\t\t\t\t\t\t\t\r\n\t\t\t\t\t\t\t\t\t\t\r\n\t\t\t\t\t\t\t\t\t\t<div class=\"animateInitState uk-margin-medium-top\" uk-scrollspy=\"cls: uk-animation-slide-bottom-small; repeat: true;\"><p>\u00danase a un programa exclusivo de <strong>un a\u00f1o<\/strong> para cuidar de su salud y de su bienestar, bajo la orientaci\u00f3n continua de nuestros expertos en longevidad.<\/p>\n<p>Nuestro enfoque totalmente integrado re\u00fane una combinaci\u00f3n \u00fanica de evaluaciones, seguimiento experto, bienestar, entrenamientos y tratamientos semanales, con una gran variedad de beneficios complementarios.<\/p>\n<\/div>\t\t\t\t\t\t\t\t\t\t\t\t\t\t\t\t\t\t\t\t\t<div class=\"section-cta animateInitState\" uk-scrollspy=\"cls: uk-animation-fade; delay: 200\">\r\n\t\t\t\t\t\t\t\t\t\t\t\t<a class=\"button uk-button uk-button-default uk-position-relative btnicon\" href=\"https:\/\/longevity-hub.cliniquelaprairie.com\/contact-us\/\" target=\"_blank\">Contacto<div class=\"arrowright\"><span class=\"\" uk-icon=\"icon: arrow-right; ratio: 1.5\"><\/span><\/div><\/a>\r\n\t\t\t\t\t\t\t\t\t\t\t<\/div>\r\n\t\t\t\t\t\t\t\t\t\t\t\r\n\t\t\t\t\t\t\t\t\t\t\r\n\t\t\t\t\t\t\t\t\t<\/div>\t\t\t\t\t\t\t\t\r\n\t\t\t\t\t\t\t\t\r\n\t\t\t\t\t\t\t\t\t\t\t\t\t\t\t\t\r\n\t\t\t\t\t\t\t<\/div>\r\n\r\n\t\t\t\t\t\t<\/div>\r\n\t\t\t\t\t\t\r\n\t\t\t\t\t<\/div>\t\t\t\t\r\n\r\n\t\t\t\t<\/div>\r\n\t\t\t<\/div>\t\r\n\t\t<\/div><!-- .container -->\t\r\n\r\n\t<\/div><!-- .block-row-full -->\r\n\n<div style=\"height:100px\" aria-hidden=\"true\" class=\"wp-block-spacer\"><\/div>\n\r\n\t<div class=\"block-row-full\">\r\n\t\t\r\n\t\t<div id=\"imgtext\" class=\"imgtext-section info01-section uk-section uk-background-cover uk-background-no-repeat  uk-padding-remove-top uk-padding-remove-bottom sd9-block\"  >\r\n\t\t\r\n\r\n\t\t\t<div class=\"uk-container uk-container-large\">\r\n\t\t\t\r\n\t\t\t\t<div class=\"sec-grid uk-grid uk-child-width-expand@m uk-grid-collapse\" uk-grid uk-height-match=\"target: .col\" uk-margin=\"margin: uk-margin-remove-top\">\r\n\r\n\t\t\t\t\t\t\t\t\t\t\r\n\t\t\t\t\t\r\n\t\t\t\t\t<div class=\"col uk-flex uk-flex-middle \" style=\"background-color: rgb(255,255,255);\">\r\n\t\t\t\t\t\r\n\t\t\t\t\t\t<div class=\"\">\r\n\t\t\t\t\t\r\n\t\t\t\t\t\t\t\t<div class=\"content-wrapper uk-position-relative uk-padding-large\t\t\t\t\t\t\t\t\">\r\n\t\t\t\t\t\t\t\t\r\n\t\t\t\t\t\t\t\t\t\t\t\t\t\t\t\r\n\t\t\t\t\t\t\t\t\t<div class=\"uk-text-center uk-text-left@m boxed\">\r\n\t\t\t\t\t\t\t\t\t\r\n\t\t\t\t\t\t\t\t\t\t<h3 class=\"section-title uk-margin-remove animateInitState\" uk-scrollspy=\"cls: uk-animation-slide-top-small; repeat: true;\">Membres\u00eda Longevity Privilege<\/h3>\t\t\t\t\t\t\t\t\t\t\r\n\t\t\t\t\t\t\t\t\t\t\t\t\t\t\t\t\t\t\r\n\t\t\t\t\t\t\t\t\t\t\r\n\t\t\t\t\t\t\t\t\t\t<div class=\"animateInitState uk-margin-medium-top\" uk-scrollspy=\"cls: uk-animation-slide-bottom-small; repeat: true;\"><p><strong>2 evaluaciones completas de su estado de longevidad:<\/strong><br \/>\n\u00ac An\u00e1lisis de sangre<br \/>\n\u00ac Prueba de composici\u00f3n corporal<br \/>\n\u00ac An\u00e1lisis de detecci\u00f3n de metales pesados y vitaminas<br \/>\n\u00ac An\u00e1lisis de alta tecnolog\u00eda de la piel<\/p>\n<p><strong>Seguimiento continuo a lo largo de todo el a\u00f1o con nuestros expertos en longevidad:<\/strong><br \/>\n\u00ac Un asesor de salud siempre disponible en el centro para hablar de sus necesidades<\/p>\n<p>\u00ac Reuni\u00f3n trimestral con un nutricionista para hablar y revisar su plan personalizado<\/p>\n<p><strong>Un plan de intervenci\u00f3n mensual pluridisciplinar personalizado basado en:<\/strong> (sesiones acumulativas no disponibles)<br \/>\n\u00ac Una tecnolog\u00eda de longevidad de su elecci\u00f3n: Infrarrojo lejano, perfusi\u00f3n intravenosa, crioterapia<br \/>\n\u00ac Un tratamiento de bienestar a elegir, con una amplia gama de masajes disponibles (tratamiento de 1 hora)<\/p>\n<p><strong>Ventajas especiales exclusivas de cada Longevity Hub<br \/>\n<\/strong>\u00ac Espec\u00edficas de cada centro: p\u00f3ngase en contacto con nosotros para obtener m\u00e1s informaci\u00f3n<strong><br \/>\n<\/strong><\/p>\n<p>Consulte precios y condiciones. Si tiene alguna pregunta, p\u00f3ngase en contacto con nosotros. <\/p>\n<\/div>\t\t\t\t\t\t\t\t\t\t\t\r\n\t\t\t\t\t\t\t\t\t\t\r\n\t\t\t\t\t\t\t\t\t<\/div>\t\t\t\t\t\t\t\t\r\n\t\t\t\t\t\t\t\t\r\n\t\t\t\t\t\t\t\t\t\t\t\t\t\t\t\t\r\n\t\t\t\t\t\t\t<\/div>\r\n\r\n\t\t\t\t\t\t<\/div>\r\n\t\t\t\t\t\t\r\n\t\t\t\t\t<\/div>\t\t\t\t\r\n\r\n\t\t\t\t<\/div>\r\n\t\t\t<\/div>\t\r\n\t\t<\/div><!-- .container -->\t\r\n\r\n\t<\/div><!-- .block-row-full -->\r\n\n<div style=\"height:100px\" aria-hidden=\"true\" class=\"wp-block-spacer\"><\/div>\n\r\n\t<div class=\"block-row-full\">\r\n\t\t\r\n\t\t<div id=\"imgtext\" class=\"imgtext-section info01-section uk-section uk-background-cover uk-background-no-repeat  uk-padding-remove-top uk-padding-remove-bottom sd9-block\"  >\r\n\t\t\r\n\r\n\t\t\t<div class=\"uk-container uk-container-large\">\r\n\t\t\t\r\n\t\t\t\t<div class=\"sec-grid uk-grid uk-child-width-expand@m uk-grid-collapse\" uk-grid uk-height-match=\"target: .col\" uk-margin=\"margin: uk-margin-remove-top\">\r\n\r\n\t\t\t\t\t\t\t\t\t\t\t\t\t\t\t<div class=\"col \">\r\n\t\t\t\t\t\t\t\t\t\t\t<div class=\"uk-text-center largedevice col uk-cover-container\">\r\n\t\t\t\t\t\t\t\t\t\t\t\t<canvas width=\"842\" height=\"797\"><\/canvas>\r\n\t\t\t\t\t\t\t\t\t\t\t\t<img decoding=\"async\" srcset=\"https:\/\/longevity-hub.cliniquelaprairie.com\/wp-content\/uploads\/2023\/03\/Membership-3.jpg 842w, https:\/\/longevity-hub.cliniquelaprairie.com\/wp-content\/uploads\/2023\/03\/Membership-3-300x284.jpg 300w, https:\/\/longevity-hub.cliniquelaprairie.com\/wp-content\/uploads\/2023\/03\/Membership-3-768x727.jpg 768w\"\r\n\t\t\t\t\t\t\t\t\t\t\t\t\t sizes=\"(max-width: 768px) 100vw, 50vw\"\r\n\t\t\t\t\t\t\t\t\t\t\t\t\t src=\"https:\/\/longevity-hub.cliniquelaprairie.com\/wp-content\/uploads\/2023\/03\/Membership-3.jpg\"\r\n\t\t\t\t\t\t\t\t\t\t\t\t\t alt=\"\"\r\n\t\t\t\t\t\t\t\t\t\t\t\t\t width=\"680\" height=\"auto\" \r\n\t\t\t\t\t\t\t\t\t\t\t\t\t class=\"uk-cover\" uk-cover>\r\n\t\t\t\t\t\t\t\t\t\t\t<\/div>   \r\n\t\t\t\t\t\t\t\t\t\t<\/div>\r\n\t\t\t\t\t\t\t\t\t\t\t\t\t\t\r\n\t\t\t\t\t\r\n\t\t\t\t\t<div class=\"col uk-flex uk-flex-middle uk-flex-first@m\" style=\"background-color: rgb(255,255,255);\">\r\n\t\t\t\t\t\r\n\t\t\t\t\t\t<div class=\"\">\r\n\t\t\t\t\t\r\n\t\t\t\t\t\t\t\t<div class=\"content-wrapper uk-position-relative uk-padding-large\t\t\t\t\t\t\t\t\">\r\n\t\t\t\t\t\t\t\t\r\n\t\t\t\t\t\t\t\t\t\t\t\t\t\t\t\r\n\t\t\t\t\t\t\t\t\t<div class=\"uk-text-center uk-text-left@m boxed\">\r\n\t\t\t\t\t\t\t\t\t\r\n\t\t\t\t\t\t\t\t\t\t<h3 class=\"section-title uk-margin-remove animateInitState\" uk-scrollspy=\"cls: uk-animation-slide-top-small; repeat: true;\">Longevity Premium<\/h3>\t\t\t\t\t\t\t\t\t\t\r\n\t\t\t\t\t\t\t\t\t\t\t\t\t\t\t\t\t\t\r\n\t\t\t\t\t\t\t\t\t\t\r\n\t\t\t\t\t\t\t\t\t\t<div class=\"animateInitState uk-margin-medium-top\" uk-scrollspy=\"cls: uk-animation-slide-bottom-small; repeat: true;\"><p>UN PASO M\u00c1S para desbloquear las v\u00edas de la longevidad y el bienestar.<\/p>\n<p><strong>Adem\u00e1s del enfoque totalmente integrado de un a\u00f1o,<\/strong> las caracter\u00edsticas de nuestra membres\u00eda Premium est\u00e1n espec\u00edficamente dise\u00f1adas para ofrecerle una perspectiva de su salud en profundidad, y ayudarle a beneficiarse de las \u00faltimas tecnolog\u00edas, ciencia y evaluaciones<\/p>\n<p>&nbsp;<\/p>\n<\/div>\t\t\t\t\t\t\t\t\t\t\t\t\t\t\t\t\t\t\t\t\t<div class=\"section-cta animateInitState\" uk-scrollspy=\"cls: uk-animation-fade; delay: 200\">\r\n\t\t\t\t\t\t\t\t\t\t\t\t<a class=\"button uk-button uk-button-default uk-position-relative btnicon\" href=\"https:\/\/longevity-hub.cliniquelaprairie.com\/contact-us\/\" target=\"_blank\">Contacto<div class=\"arrowright\"><span class=\"\" uk-icon=\"icon: arrow-right; ratio: 1.5\"><\/span><\/div><\/a>\r\n\t\t\t\t\t\t\t\t\t\t\t<\/div>\r\n\t\t\t\t\t\t\t\t\t\t\t\r\n\t\t\t\t\t\t\t\t\t\t\r\n\t\t\t\t\t\t\t\t\t<\/div>\t\t\t\t\t\t\t\t\r\n\t\t\t\t\t\t\t\t\r\n\t\t\t\t\t\t\t\t\t\t\t\t\t\t\t\t\r\n\t\t\t\t\t\t\t<\/div>\r\n\r\n\t\t\t\t\t\t<\/div>\r\n\t\t\t\t\t\t\r\n\t\t\t\t\t<\/div>\t\t\t\t\r\n\r\n\t\t\t\t<\/div>\r\n\t\t\t<\/div>\t\r\n\t\t<\/div><!-- .container -->\t\r\n\r\n\t<\/div><!-- .block-row-full -->\r\n\n<div style=\"height:100px\" aria-hidden=\"true\" class=\"wp-block-spacer\"><\/div>\n\r\n\t<div class=\"block-row-full\">\r\n\t\t\r\n\t\t<div id=\"imgtext\" class=\"imgtext-section info01-section uk-section uk-background-cover uk-background-no-repeat  uk-padding-remove-top uk-padding-remove-bottom sd9-block\"  >\r\n\t\t\r\n\r\n\t\t\t<div class=\"uk-container uk-container-large\">\r\n\t\t\t\r\n\t\t\t\t<div class=\"sec-grid uk-grid uk-child-width-expand@m uk-grid-collapse\" uk-grid uk-height-match=\"target: .col\" uk-margin=\"margin: uk-margin-remove-top\">\r\n\r\n\t\t\t\t\t\t\t\t\t\t\r\n\t\t\t\t\t\r\n\t\t\t\t\t<div class=\"col uk-flex uk-flex-middle \" style=\"background-color: rgb(255,255,255);\">\r\n\t\t\t\t\t\r\n\t\t\t\t\t\t<div class=\"\">\r\n\t\t\t\t\t\r\n\t\t\t\t\t\t\t\t<div class=\"content-wrapper uk-position-relative uk-padding-large\t\t\t\t\t\t\t\t\">\r\n\t\t\t\t\t\t\t\t\r\n\t\t\t\t\t\t\t\t\t\t\t\t\t\t\t\r\n\t\t\t\t\t\t\t\t\t<div class=\"uk-text-center uk-text-left@m boxed\">\r\n\t\t\t\t\t\t\t\t\t\r\n\t\t\t\t\t\t\t\t\t\t<h3 class=\"section-title uk-margin-remove animateInitState\" uk-scrollspy=\"cls: uk-animation-slide-top-small; repeat: true;\">Membres\u00eda Longevity Premium<\/h3>\t\t\t\t\t\t\t\t\t\t\r\n\t\t\t\t\t\t\t\t\t\t\t\t\t\t\t\t\t\t\r\n\t\t\t\t\t\t\t\t\t\t\r\n\t\t\t\t\t\t\t\t\t\t<div class=\"animateInitState uk-margin-medium-top\" uk-scrollspy=\"cls: uk-animation-slide-bottom-small; repeat: true;\"><p><strong>2 evaluaciones completas de su estado de longevidad:<\/strong><br \/>\n\u00ac An\u00e1lisis de sangre<br \/>\n\u00ac Prueba de composici\u00f3n corporal<br \/>\n\u00ac An\u00e1lisis de detecci\u00f3n de metales pesados y vitaminas<br \/>\n\u00ac An\u00e1lisis de alta tecnolog\u00eda de la piel<\/p>\n<p><strong>Seguimiento continuo a lo largo de todo el a\u00f1o con nuestros expertos en longevidad:<\/strong><br \/>\n\u00ac Un asesor de salud siempre disponible en el centro para hablar de sus necesidades<\/p>\n<p>\u00ac Reuni\u00f3n trimestral con un nutricionista para hablar y revisar su plan personalizado<\/p>\n<p>Un plan de intervenci\u00f3n mensual pluridisciplinar personalizado basado en:<br \/>\n\u00ac Una tecnolog\u00eda de longevidad de su elecci\u00f3n: Infrarrojo lejano, perfusi\u00f3n intravenosa, crioterapia<\/p>\n<p>\u00ac Un tratamiento de bienestar a elegir, con una amplia gama de masajes disponibles (tratamiento de 1 hora)<\/p>\n<p><strong>Ventajas especiales exclusivas de cada Longevity Hub<\/strong><br \/>\n\u00ac Espec\u00edficas de cada centro: p\u00f3ngase en contacto con nosotros para obtener m\u00e1s informaci\u00f3n<\/p>\n<p><strong>Adem\u00e1s de las siguientes pruebas avanzadas de salud:<\/strong><\/p>\n<p>\u00ac 1 a\u00f1o de suplementos Age-Defy de Holistic Health: Regeneressence e Immunity<\/p>\n<p>Consulte precios y condiciones. Si tiene alguna pregunta, p\u00f3ngase en contacto con nosotros. <\/p>\n<\/div>\t\t\t\t\t\t\t\t\t\t\t\r\n\t\t\t\t\t\t\t\t\t\t\r\n\t\t\t\t\t\t\t\t\t<\/div>\t\t\t\t\t\t\t\t\r\n\t\t\t\t\t\t\t\t\r\n\t\t\t\t\t\t\t\t\t\t\t\t\t\t\t\t\r\n\t\t\t\t\t\t\t<\/div>\r\n\r\n\t\t\t\t\t\t<\/div>\r\n\t\t\t\t\t\t\r\n\t\t\t\t\t<\/div>\t\t\t\t\r\n\r\n\t\t\t\t<\/div>\r\n\t\t\t<\/div>\t\r\n\t\t<\/div><!-- .container -->\t\r\n\r\n\t<\/div><!-- .block-row-full -->\r\n\n<div style=\"height:86px\" aria-hidden=\"true\" class=\"wp-block-spacer\"><\/div>\n","protected":false},"excerpt":{"rendered":"","protected":false},"author":1,"featured_media":0,"parent":0,"menu_order":0,"comment_status":"closed","ping_status":"closed","template":"","meta":{"_acf_changed":false,"footnotes":""},"class_list":["post-3128","page","type-page","status-publish","hentry"],"acf":[],"yoast_head":"<!-- This site is optimized with the Yoast SEO plugin v27.3 - https:\/\/yoast.com\/product\/yoast-seo-wordpress\/ -->\n<title>Membres\u00eda - Longevity Hub de Clinique La Prairie<\/title>\n<meta name=\"robots\" content=\"index, follow, max-snippet:-1, max-image-preview:large, max-video-preview:-1\" \/>\n<link rel=\"canonical\" href=\"https:\/\/longevity-hub.cliniquelaprairie.com\/es\/membresia\/\" \/>\n<meta property=\"og:locale\" content=\"es_ES\" \/>\n<meta property=\"og:type\" content=\"article\" \/>\n<meta property=\"og:title\" content=\"Membres\u00eda - Longevity Hub de Clinique La Prairie\" \/>\n<meta property=\"og:url\" content=\"https:\/\/longevity-hub.cliniquelaprairie.com\/es\/membresia\/\" \/>\n<meta property=\"og:site_name\" content=\"Longevity Hub de Clinique La Prairie\" \/>\n<meta property=\"article:publisher\" content=\"https:\/\/www.facebook.com\/cliniquelaprairie\" \/>\n<meta property=\"article:modified_time\" content=\"2023-05-09T01:39:23+00:00\" \/>\n<meta name=\"twitter:card\" content=\"summary_large_image\" \/>\n<meta name=\"twitter:site\" content=\"@cliniqueprairie\" \/>\n<script type=\"application\/ld+json\" class=\"yoast-schema-graph\">{\"@context\":\"https:\\\/\\\/schema.org\",\"@graph\":[{\"@type\":\"WebPage\",\"@id\":\"https:\\\/\\\/longevity-hub.cliniquelaprairie.com\\\/es\\\/membresia\\\/\",\"url\":\"https:\\\/\\\/longevity-hub.cliniquelaprairie.com\\\/es\\\/membresia\\\/\",\"name\":\"Membres\u00eda - Longevity Hub de Clinique La Prairie\",\"isPartOf\":{\"@id\":\"https:\\\/\\\/longevity-hub.cliniquelaprairie.com\\\/es\\\/#website\"},\"datePublished\":\"2023-03-29T22:35:38+00:00\",\"dateModified\":\"2023-05-09T01:39:23+00:00\",\"breadcrumb\":{\"@id\":\"https:\\\/\\\/longevity-hub.cliniquelaprairie.com\\\/es\\\/membresia\\\/#breadcrumb\"},\"inLanguage\":\"es\",\"potentialAction\":[{\"@type\":\"ReadAction\",\"target\":[\"https:\\\/\\\/longevity-hub.cliniquelaprairie.com\\\/es\\\/membresia\\\/\"]}]},{\"@type\":\"BreadcrumbList\",\"@id\":\"https:\\\/\\\/longevity-hub.cliniquelaprairie.com\\\/es\\\/membresia\\\/#breadcrumb\",\"itemListElement\":[{\"@type\":\"ListItem\",\"position\":1,\"name\":\"Home\",\"item\":\"https:\\\/\\\/longevity-hub.cliniquelaprairie.com\\\/es\\\/inicio\\\/\"},{\"@type\":\"ListItem\",\"position\":2,\"name\":\"Membres\u00eda\"}]},{\"@type\":\"WebSite\",\"@id\":\"https:\\\/\\\/longevity-hub.cliniquelaprairie.com\\\/es\\\/#website\",\"url\":\"https:\\\/\\\/longevity-hub.cliniquelaprairie.com\\\/es\\\/\",\"name\":\"Longevity Hub by Clinique La Prairie\",\"description\":\"Protocolos personalizados al m\u00e1ximo para optimizar su salud\",\"publisher\":{\"@id\":\"https:\\\/\\\/longevity-hub.cliniquelaprairie.com\\\/es\\\/#organization\"},\"potentialAction\":[{\"@type\":\"SearchAction\",\"target\":{\"@type\":\"EntryPoint\",\"urlTemplate\":\"https:\\\/\\\/longevity-hub.cliniquelaprairie.com\\\/es\\\/?s={search_term_string}\"},\"query-input\":{\"@type\":\"PropertyValueSpecification\",\"valueRequired\":true,\"valueName\":\"search_term_string\"}}],\"inLanguage\":\"es\"},{\"@type\":\"Organization\",\"@id\":\"https:\\\/\\\/longevity-hub.cliniquelaprairie.com\\\/es\\\/#organization\",\"name\":\"Longevity Hub by Clinique La Prairie\",\"url\":\"https:\\\/\\\/longevity-hub.cliniquelaprairie.com\\\/es\\\/\",\"logo\":{\"@type\":\"ImageObject\",\"inLanguage\":\"es\",\"@id\":\"https:\\\/\\\/longevity-hub.cliniquelaprairie.com\\\/es\\\/#\\\/schema\\\/logo\\\/image\\\/\",\"url\":\"https:\\\/\\\/longevity-hub.cliniquelaprairie.com\\\/wp-content\\\/uploads\\\/2023\\\/04\\\/cropped-FAVICON-LH-.png\",\"contentUrl\":\"https:\\\/\\\/longevity-hub.cliniquelaprairie.com\\\/wp-content\\\/uploads\\\/2023\\\/04\\\/cropped-FAVICON-LH-.png\",\"width\":512,\"height\":512,\"caption\":\"Longevity Hub by Clinique La Prairie\"},\"image\":{\"@id\":\"https:\\\/\\\/longevity-hub.cliniquelaprairie.com\\\/es\\\/#\\\/schema\\\/logo\\\/image\\\/\"},\"sameAs\":[\"https:\\\/\\\/www.facebook.com\\\/cliniquelaprairie\",\"https:\\\/\\\/x.com\\\/cliniqueprairie\",\"https:\\\/\\\/www.instagram.com\\\/cliniquelaprairie\"]}]}<\/script>\n<!-- \/ Yoast SEO plugin. -->","yoast_head_json":{"title":"Membres\u00eda - Longevity Hub de Clinique La Prairie","robots":{"index":"index","follow":"follow","max-snippet":"max-snippet:-1","max-image-preview":"max-image-preview:large","max-video-preview":"max-video-preview:-1"},"canonical":"https:\/\/longevity-hub.cliniquelaprairie.com\/es\/membresia\/","og_locale":"es_ES","og_type":"article","og_title":"Membres\u00eda - Longevity Hub de Clinique La Prairie","og_url":"https:\/\/longevity-hub.cliniquelaprairie.com\/es\/membresia\/","og_site_name":"Longevity Hub de Clinique La Prairie","article_publisher":"https:\/\/www.facebook.com\/cliniquelaprairie","article_modified_time":"2023-05-09T01:39:23+00:00","twitter_card":"summary_large_image","twitter_site":"@cliniqueprairie","schema":{"@context":"https:\/\/schema.org","@graph":[{"@type":"WebPage","@id":"https:\/\/longevity-hub.cliniquelaprairie.com\/es\/membresia\/","url":"https:\/\/longevity-hub.cliniquelaprairie.com\/es\/membresia\/","name":"Membres\u00eda - Longevity Hub de Clinique La Prairie","isPartOf":{"@id":"https:\/\/longevity-hub.cliniquelaprairie.com\/es\/#website"},"datePublished":"2023-03-29T22:35:38+00:00","dateModified":"2023-05-09T01:39:23+00:00","breadcrumb":{"@id":"https:\/\/longevity-hub.cliniquelaprairie.com\/es\/membresia\/#breadcrumb"},"inLanguage":"es","potentialAction":[{"@type":"ReadAction","target":["https:\/\/longevity-hub.cliniquelaprairie.com\/es\/membresia\/"]}]},{"@type":"BreadcrumbList","@id":"https:\/\/longevity-hub.cliniquelaprairie.com\/es\/membresia\/#breadcrumb","itemListElement":[{"@type":"ListItem","position":1,"name":"Home","item":"https:\/\/longevity-hub.cliniquelaprairie.com\/es\/inicio\/"},{"@type":"ListItem","position":2,"name":"Membres\u00eda"}]},{"@type":"WebSite","@id":"https:\/\/longevity-hub.cliniquelaprairie.com\/es\/#website","url":"https:\/\/longevity-hub.cliniquelaprairie.com\/es\/","name":"Longevity Hub by Clinique La Prairie","description":"Protocolos personalizados al m\u00e1ximo para optimizar su salud","publisher":{"@id":"https:\/\/longevity-hub.cliniquelaprairie.com\/es\/#organization"},"potentialAction":[{"@type":"SearchAction","target":{"@type":"EntryPoint","urlTemplate":"https:\/\/longevity-hub.cliniquelaprairie.com\/es\/?s={search_term_string}"},"query-input":{"@type":"PropertyValueSpecification","valueRequired":true,"valueName":"search_term_string"}}],"inLanguage":"es"},{"@type":"Organization","@id":"https:\/\/longevity-hub.cliniquelaprairie.com\/es\/#organization","name":"Longevity Hub by Clinique La Prairie","url":"https:\/\/longevity-hub.cliniquelaprairie.com\/es\/","logo":{"@type":"ImageObject","inLanguage":"es","@id":"https:\/\/longevity-hub.cliniquelaprairie.com\/es\/#\/schema\/logo\/image\/","url":"https:\/\/longevity-hub.cliniquelaprairie.com\/wp-content\/uploads\/2023\/04\/cropped-FAVICON-LH-.png","contentUrl":"https:\/\/longevity-hub.cliniquelaprairie.com\/wp-content\/uploads\/2023\/04\/cropped-FAVICON-LH-.png","width":512,"height":512,"caption":"Longevity Hub by Clinique La Prairie"},"image":{"@id":"https:\/\/longevity-hub.cliniquelaprairie.com\/es\/#\/schema\/logo\/image\/"},"sameAs":["https:\/\/www.facebook.com\/cliniquelaprairie","https:\/\/x.com\/cliniqueprairie","https:\/\/www.instagram.com\/cliniquelaprairie"]}]}},"_links":{"self":[{"href":"https:\/\/longevity-hub.cliniquelaprairie.com\/es\/wp-json\/wp\/v2\/pages\/3128","targetHints":{"allow":["GET"]}}],"collection":[{"href":"https:\/\/longevity-hub.cliniquelaprairie.com\/es\/wp-json\/wp\/v2\/pages"}],"about":[{"href":"https:\/\/longevity-hub.cliniquelaprairie.com\/es\/wp-json\/wp\/v2\/types\/page"}],"author":[{"embeddable":true,"href":"https:\/\/longevity-hub.cliniquelaprairie.com\/es\/wp-json\/wp\/v2\/users\/1"}],"replies":[{"embeddable":true,"href":"https:\/\/longevity-hub.cliniquelaprairie.com\/es\/wp-json\/wp\/v2\/comments?post=3128"}],"version-history":[{"count":2,"href":"https:\/\/longevity-hub.cliniquelaprairie.com\/es\/wp-json\/wp\/v2\/pages\/3128\/revisions"}],"predecessor-version":[{"id":3133,"href":"https:\/\/longevity-hub.cliniquelaprairie.com\/es\/wp-json\/wp\/v2\/pages\/3128\/revisions\/3133"}],"wp:attachment":[{"href":"https:\/\/longevity-hub.cliniquelaprairie.com\/es\/wp-json\/wp\/v2\/media?parent=3128"}],"curies":[{"name":"wp","href":"https:\/\/api.w.org\/{rel}","templated":true}]}}