{"id":3285,"date":"2023-03-27T20:12:56","date_gmt":"2023-03-27T18:12:56","guid":{"rendered":"https:\/\/longevity-hub.cliniquelaprairie.com\/suplementos-de-longevidad\/"},"modified":"2023-05-23T00:28:12","modified_gmt":"2023-05-22T22:28:12","slug":"suplementos-de-longevidad","status":"publish","type":"page","link":"https:\/\/longevity-hub.cliniquelaprairie.com\/es\/suplementos-de-longevidad\/","title":{"rendered":"Suplementos de Longevidad"},"content":{"rendered":"<div class=\"block-row-full \">\t\t\t\r\t<div id=\"sectionintro\" class=\"sectionintro-section uk-section sd9-block\" >\r\t\t<div class=\"uk-container\">\r\t\t\t\r\t\t\t<div class=\"sectionintro style02\">\r\t\t\r\t\t\t\t\t\t\t\r\r\t\t\t\t\t<div class=\"introblock uk-child-width-1-2@m uk-grid uk-grid-collapse uk-text-left@m uk-text-center\" uk-grid uk-margin=\"margin: uk-margin-medium-top\"> \r\t\t\t\t\t\t<div class=\"title-wrapper\">\r\t\t\t\t\t\t\t<h2 class=\"title uk-margin-remove animateInitState\" uk-scrollspy=\"cls: uk-animation-slide-left-small; delay: 100; repeat: true;\">La ciencia de Clinique La Prairie en una c\u00e1psula<\/h2>\t\t\t\t\t\t<\/div>\t\r\t\t\t\t\t\t<div class=\"desc-wrapper\">\r\t\t\t\t\t\t\t<div class=\"desc animateInitState\" uk-scrollspy=\"cls: uk-animation-slide-right-small; delay: 100; repeat: true;\">Holistic Health es la l\u00ednea de suplementos nutricionales avanzados creada en exclusiva por la cl\u00ednica. Contienen los activos naturales m\u00e1s potentes para reforzar las funciones biol\u00f3gicas clave y posibilitar soluciones de m\u00e1xima longevidad. AGE-DEFY es nuestra rutina principal que combina dos suplementos, Regeneressence e Immunity, que ofrecen efectos de regeneraci\u00f3n celular, antiinflamaci\u00f3n y protecci\u00f3n antioxidante.<\/div>\t\t\t\t\t\t<\/div>\t\t\t\t\t\t\r\t\t\t\t\t<\/div>\r\t\t\t\t\t\r\t\t\t\t\t\t\r\t\t\t<\/div>\t\r\r\t\t\t\r\t\t<\/div><!-- .uk-container -->\t\r\t\t\r\t<\/div><!-- .section -->\t\r<\/div><!-- .block-row-full -->\r\n\n\r\n\t<div class=\"block-row-full\">\r\n\t\t\r\n\t\t<div id=\"imgtext\" class=\"imgtext-section info01-section uk-section uk-background-cover uk-background-no-repeat  uk-padding-remove-top uk-padding-remove-bottom sd9-block\"  >\r\n\t\t\r\n\r\n\t\t\t<div class=\"uk-container uk-container-large\">\r\n\t\t\t\r\n\t\t\t\t<div class=\"sec-grid uk-grid uk-child-width-expand@m uk-grid-collapse\" uk-grid uk-height-match=\"target: .col\" uk-margin=\"margin: uk-margin-remove-top\">\r\n\r\n\t\t\t\t\t\t\t\t\t\t\t\t\t\t\t<div class=\"col \">\r\n\t\t\t\t\t\t\t\t\t\t\t<div class=\"uk-text-center largedevice col uk-cover-container\">\r\n\t\t\t\t\t\t\t\t\t\t\t\t<canvas width=\"1049\" height=\"1049\"><\/canvas>\r\n\t\t\t\t\t\t\t\t\t\t\t\t<img decoding=\"async\" srcset=\"https:\/\/longevity-hub.cliniquelaprairie.com\/wp-content\/uploads\/2023\/03\/bioactive-compounds.jpg 1049w, https:\/\/longevity-hub.cliniquelaprairie.com\/wp-content\/uploads\/2023\/03\/bioactive-compounds-300x300.jpg 300w, https:\/\/longevity-hub.cliniquelaprairie.com\/wp-content\/uploads\/2023\/03\/bioactive-compounds-1024x1024.jpg 1024w, https:\/\/longevity-hub.cliniquelaprairie.com\/wp-content\/uploads\/2023\/03\/bioactive-compounds-150x150.jpg 150w, https:\/\/longevity-hub.cliniquelaprairie.com\/wp-content\/uploads\/2023\/03\/bioactive-compounds-768x768.jpg 768w, https:\/\/longevity-hub.cliniquelaprairie.com\/wp-content\/uploads\/2023\/03\/bioactive-compounds-800x800.jpg 800w\"\r\n\t\t\t\t\t\t\t\t\t\t\t\t\t sizes=\"(max-width: 768px) 100vw, 50vw\"\r\n\t\t\t\t\t\t\t\t\t\t\t\t\t src=\"https:\/\/longevity-hub.cliniquelaprairie.com\/wp-content\/uploads\/2023\/03\/bioactive-compounds.jpg\"\r\n\t\t\t\t\t\t\t\t\t\t\t\t\t alt=\"\"\r\n\t\t\t\t\t\t\t\t\t\t\t\t\t width=\"680\" height=\"auto\" \r\n\t\t\t\t\t\t\t\t\t\t\t\t\t class=\"uk-cover\" uk-cover>\r\n\t\t\t\t\t\t\t\t\t\t\t<\/div>   \r\n\t\t\t\t\t\t\t\t\t\t<\/div>\r\n\t\t\t\t\t\t\t\t\t\t\t\t\t\t\r\n\t\t\t\t\t\r\n\t\t\t\t\t<div class=\"col uk-flex uk-flex-middle \" style=\"background-color: rgb(255,255,255);\">\r\n\t\t\t\t\t\r\n\t\t\t\t\t\t<div class=\"\">\r\n\t\t\t\t\t\r\n\t\t\t\t\t\t\t\t<div class=\"content-wrapper uk-position-relative uk-padding-large\t\t\t\t\t\t\t\t\">\r\n\t\t\t\t\t\t\t\t\r\n\t\t\t\t\t\t\t\t\t\t\t\t\t\t\t\r\n\t\t\t\t\t\t\t\t\t<div class=\"uk-text-center uk-text-left@m boxed\">\r\n\t\t\t\t\t\t\t\t\t\r\n\t\t\t\t\t\t\t\t\t\t<h3 class=\"section-title uk-margin-remove animateInitState\" uk-scrollspy=\"cls: uk-animation-slide-top-small; repeat: true;\">Aprovechar los poderosos <br class=\"uk-visible@m\">compuestos bioactivos<\/h3>\t\t\t\t\t\t\t\t\t\t\r\n\t\t\t\t\t\t\t\t\t\t\t\t\t\t\t\t\t\t\r\n\t\t\t\t\t\t\t\t\t\t\r\n\t\t\t\t\t\t\t\t\t\t<div class=\"animateInitState uk-margin-medium-top\" uk-scrollspy=\"cls: uk-animation-slide-bottom-small; repeat: true;\"><p>Bas\u00e1ndose en 90 a\u00f1os de investigaci\u00f3n y pr\u00e1ctica cl\u00ednica, nuestro equipo de expertos de Ciencia de la Vida ha identificado cinco pilares fundamentales del bienestar hol\u00edstico: inmunidad, neuromodulaci\u00f3n (gesti\u00f3n del estr\u00e9s), antiinflamaci\u00f3n, rejuvenecimiento y longevidad celular, aprovechando los compuestos bioactivos m\u00e1s poderosos con una f\u00f3rmula terap\u00e9utica que se encuentra en nuestros suplementos avanzados Holistic Health.<\/p>\n<\/div>\t\t\t\t\t\t\t\t\t\t\t\t\t\t\t\t\t\t\t\t\t<div class=\"section-cta animateInitState\" uk-scrollspy=\"cls: uk-animation-fade; delay: 200\">\r\n\t\t\t\t\t\t\t\t\t\t\t\t<a class=\"button uk-button uk-button-default uk-position-relative btnicon\" href=\"https:\/\/issuu.com\/cliniquelaprairie\/docs\/booklet_-_hh_-_2022?fr=sNzRiMTU1MzE0MTU\" target=\"_blank\">Download the brochure<div class=\"arrowright\"><span class=\"\" uk-icon=\"icon: arrow-right; ratio: 1.5\"><\/span><\/div><\/a>\r\n\t\t\t\t\t\t\t\t\t\t\t<\/div>\r\n\t\t\t\t\t\t\t\t\t\t\t\r\n\t\t\t\t\t\t\t\t\t\t\r\n\t\t\t\t\t\t\t\t\t<\/div>\t\t\t\t\t\t\t\t\r\n\t\t\t\t\t\t\t\t\r\n\t\t\t\t\t\t\t\t\t\t\t\t\t\t\t\t\r\n\t\t\t\t\t\t\t<\/div>\r\n\r\n\t\t\t\t\t\t<\/div>\r\n\t\t\t\t\t\t\r\n\t\t\t\t\t<\/div>\t\t\t\t\r\n\r\n\t\t\t\t<\/div>\r\n\t\t\t<\/div>\t\r\n\t\t<\/div><!-- .container -->\t\r\n\r\n\t<\/div><!-- .block-row-full -->\r\n\n\n\n<div style=\"height:86px\" aria-hidden=\"true\" class=\"wp-block-spacer\"><\/div>\n\n\n\r\n\t<div class=\"block-row-full\">\r\n\t\t\r\n\t\t<div id=\"imgtext\" class=\"imgtext-section info01-section uk-section uk-background-cover uk-background-no-repeat  uk-padding-remove-top uk-padding-remove-bottom sd9-block\"  >\r\n\t\t\r\n\r\n\t\t\t<div class=\"uk-container uk-container-large\">\r\n\t\t\t\r\n\t\t\t\t<div class=\"sec-grid uk-grid uk-child-width-expand@m uk-grid-collapse\" uk-grid uk-height-match=\"target: .col\" uk-margin=\"margin: uk-margin-remove-top\">\r\n\r\n\t\t\t\t\t\t\t\t\t\t\t\t\t\t\t<div class=\"col \">\r\n\t\t\t\t\t\t\t\t\t\t\t<div class=\"uk-text-center largedevice col uk-cover-container\">\r\n\t\t\t\t\t\t\t\t\t\t\t\t<canvas width=\"1049\" height=\"1049\"><\/canvas>\r\n\t\t\t\t\t\t\t\t\t\t\t\t<img decoding=\"async\" srcset=\"https:\/\/longevity-hub.cliniquelaprairie.com\/wp-content\/uploads\/2023\/03\/medicine.jpg 1049w, https:\/\/longevity-hub.cliniquelaprairie.com\/wp-content\/uploads\/2023\/03\/medicine-300x300.jpg 300w, https:\/\/longevity-hub.cliniquelaprairie.com\/wp-content\/uploads\/2023\/03\/medicine-1024x1024.jpg 1024w, https:\/\/longevity-hub.cliniquelaprairie.com\/wp-content\/uploads\/2023\/03\/medicine-150x150.jpg 150w, https:\/\/longevity-hub.cliniquelaprairie.com\/wp-content\/uploads\/2023\/03\/medicine-768x768.jpg 768w, https:\/\/longevity-hub.cliniquelaprairie.com\/wp-content\/uploads\/2023\/03\/medicine-800x800.jpg 800w\"\r\n\t\t\t\t\t\t\t\t\t\t\t\t\t sizes=\"(max-width: 768px) 100vw, 50vw\"\r\n\t\t\t\t\t\t\t\t\t\t\t\t\t src=\"https:\/\/longevity-hub.cliniquelaprairie.com\/wp-content\/uploads\/2023\/03\/medicine.jpg\"\r\n\t\t\t\t\t\t\t\t\t\t\t\t\t alt=\"\"\r\n\t\t\t\t\t\t\t\t\t\t\t\t\t width=\"680\" height=\"auto\" \r\n\t\t\t\t\t\t\t\t\t\t\t\t\t class=\"uk-cover\" uk-cover>\r\n\t\t\t\t\t\t\t\t\t\t\t<\/div>   \r\n\t\t\t\t\t\t\t\t\t\t<\/div>\r\n\t\t\t\t\t\t\t\t\t\t\t\t\t\t\r\n\t\t\t\t\t\r\n\t\t\t\t\t<div class=\"col uk-flex uk-flex-middle uk-flex-first@m\" style=\"background-color: rgb(255,255,255);\">\r\n\t\t\t\t\t\r\n\t\t\t\t\t\t<div class=\"\">\r\n\t\t\t\t\t\r\n\t\t\t\t\t\t\t\t<div class=\"content-wrapper uk-position-relative uk-padding-large\t\t\t\t\t\t\t\t\">\r\n\t\t\t\t\t\t\t\t\r\n\t\t\t\t\t\t\t\t\t\t\t\t\t\t\t\t\t<div class=\"grid_content boxed animateInitState\" uk-scrollspy=\"cls: uk-animation-fade; repeat: true;\">\r\n\t\t\t\t\t\t\t\t\t\t<div class=\"grid uk-text-center\">\r\n\t\t\t\t\t\t\t\t\t\t\t\t\t\t\t\t\t\t\t\t\t<div class=\"gridcol\">\r\n\t\t\t\t\t\t\t\t\t\t\t\t<div class=\"boxed-wrapper\">\r\n\t\t\t\t\t\t\t\t\t\t\t\t\t<h4>Age-Defy<\/h4>\r\n\t\t\t\t\t\t\t\t\t\t\t\t\t<p>Suplementos Regeneressence e Immunity<\/p>\r\n\t\t\t\t\t\t\t\t\t\t\t\t<\/div>\r\n\t\t\t\t\t\t\t\t\t\t\t<\/div>\r\n\t\t\t\t\t\t\t\t\t\t\t\t\t\t\t\t\t\t\t\t\t<div class=\"gridcol\">\r\n\t\t\t\t\t\t\t\t\t\t\t\t<div class=\"boxed-wrapper\">\r\n\t\t\t\t\t\t\t\t\t\t\t\t\t<h4>Balance<\/h4>\r\n\t\t\t\t\t\t\t\t\t\t\t\t\t<p>Suplementos bienestar esencial, descanso y recuperaci\u00f3n:<\/p>\r\n\t\t\t\t\t\t\t\t\t\t\t\t<\/div>\r\n\t\t\t\t\t\t\t\t\t\t\t<\/div>\r\n\t\t\t\t\t\t\t\t\t\t\t\t\t\t\t\t\t\t\t\t\t<div class=\"gridcol\">\r\n\t\t\t\t\t\t\t\t\t\t\t\t<div class=\"boxed-wrapper\">\r\n\t\t\t\t\t\t\t\t\t\t\t\t\t<h4>Purity<\/h4>\r\n\t\t\t\t\t\t\t\t\t\t\t\t\t<p>Suplementos de depuraci\u00f3n<\/p>\r\n\t\t\t\t\t\t\t\t\t\t\t\t<\/div>\r\n\t\t\t\t\t\t\t\t\t\t\t<\/div>\r\n\t\t\t\t\t\t\t\t\t\t\t\t\t\t\t\t\t\t\t\t\t<div class=\"gridcol\">\r\n\t\t\t\t\t\t\t\t\t\t\t\t<div class=\"boxed-wrapper\">\r\n\t\t\t\t\t\t\t\t\t\t\t\t\t<h4>Energy<\/h4>\r\n\t\t\t\t\t\t\t\t\t\t\t\t\t<p>Suplementos de concentraci\u00f3n y rendimiento<\/p>\r\n\t\t\t\t\t\t\t\t\t\t\t\t<\/div>\r\n\t\t\t\t\t\t\t\t\t\t\t<\/div>\r\n\t\t\t\t\t\t\t\t\t\t\t\t\t\t\t\t\t\t\t\t<\/div>\r\n\t\t\t\t\t\t\t\t\t<\/div>\r\n\t\t\t\t\t\t\t\t\t\t\t\t\t\t\t\t\r\n\t\t\t\t\t\t\t<\/div>\r\n\r\n\t\t\t\t\t\t<\/div>\r\n\t\t\t\t\t\t\r\n\t\t\t\t\t<\/div>\t\t\t\t\r\n\r\n\t\t\t\t<\/div>\r\n\t\t\t<\/div>\t\r\n\t\t<\/div><!-- .container -->\t\r\n\r\n\t<\/div><!-- .block-row-full -->\r\n\n\n\n<div style=\"height:86px\" aria-hidden=\"true\" class=\"wp-block-spacer\"><\/div>\n\n\n\r\n<div class=\"block-row-full\">\t\r\n\t\r\n\t<div id=\"fullimage01\" class=\"fullimage-section uk-section uk-section-large uk-background-no-repeat s9d-block uk-light uk-background-cover uk-position-relative uk-flex uk-flex-middle uk-flex-center\" \t\t\t\t\t\t<img \r\n\t\t\t\tdata-src=\"https:\/\/longevity-hub.cliniquelaprairie.com\/wp-content\/uploads\/2023\/03\/discoversupplement-2400x1000.jpg\"\r\n\t\t\t\tdata-srcset=\"https:\/\/longevity-hub.cliniquelaprairie.com\/wp-content\/uploads\/2023\/03\/discoversupplement-2400x1000.jpg 2400w, https:\/\/longevity-hub.cliniquelaprairie.com\/wp-content\/uploads\/2023\/03\/discoversupplement-300x125.jpg 300w, https:\/\/longevity-hub.cliniquelaprairie.com\/wp-content\/uploads\/2023\/03\/discoversupplement-1024x427.jpg 1024w, https:\/\/longevity-hub.cliniquelaprairie.com\/wp-content\/uploads\/2023\/03\/discoversupplement-768x320.jpg 768w, https:\/\/longevity-hub.cliniquelaprairie.com\/wp-content\/uploads\/2023\/03\/discoversupplement-1536x640.jpg 1536w, https:\/\/longevity-hub.cliniquelaprairie.com\/wp-content\/uploads\/2023\/03\/discoversupplement-2048x853.jpg 2048w, https:\/\/longevity-hub.cliniquelaprairie.com\/wp-content\/uploads\/2023\/03\/discoversupplement-1600x667.jpg 1600w, https:\/\/longevity-hub.cliniquelaprairie.com\/wp-content\/uploads\/2023\/03\/discoversupplement-1920x800.jpg 1920w\"\r\n\t\t\t\talt=\"\"\r\n\t\t\t\tsizes=\"(max-width: 650px) 1200px, 100vw\"\r\n\t\t\t\tuk-img=\"loading: eager\"\r\n\t\t\t\/>\r\n\t\t\t\t\t\t\t\r\n\t\t<div class=\"uk-position-cover\" style=\"background-color:rgba(0,0,0,0.5)\"><\/div>\t\t\t\r\n\t\t<div class=\"uk-container\">\t\t\r\n\t\t\t\t\t\r\n\t\t\t<div class=\"uk-position-relative uk-flex uk-flex-middle uk-flex-center uk-text-center\">\r\n\t\t\t\r\n\t\t\t\t<div class=\"banner-cta-content uk-width-1-1\">\r\n\t\t\t\t\t\t\t\t\t\t\t\t\t\t\t\t\t\t\t\t\t\t\t\t\t\t\t\r\n\t\t\t\t\t\t\t\t\t\t\t<div class=\"description animateInitState uk-h2 uk-flex uk-flex-center\" uk-scrollspy=\"cls: uk-animation-slide-bottom-small; repeat: true;\">\r\n\t\t\t\t\t\t\t<div class=\"uk-width-2-3@m\">Descubra la gama completa de suplementos avanzados Holistic Health <\/div>\r\n\t\t\t\t\t\t<\/div>\r\n\t\t\t\t\t\t\t\t\t\r\n\t\t\t\t\t\t\t\t\t\t\t<div class=\"block-cta animateInitState uk-width-1-1\" uk-scrollspy=\"cls: uk-animation-fade; delay: 200\">\r\n\t\t\t\t\t\t\t<a class=\"button uk-button uk-button-default  uk-position-relative btnicon\" href=\"https:\/\/cliniquelaprairie-hh.com\/\" target=\"_self\">EXPLORAR<div class=\"arrowright\"><span class=\"\" uk-icon=\"icon: arrow-right; ratio: 1.5\"><\/span><\/div><\/a>\r\n\t\t\t\t\t\t<\/div>\r\n\t\t\t\t\t\t\r\n\t\t\t\r\n\t\t\t\t<\/div>\r\n\t\t\t<\/div>\t\r\n\t\t\t\t\t\r\n\t\t<\/div><!-- .container -->\t\r\n\t<\/div><!-- .section -->\t\t\r\n<\/div>","protected":false},"excerpt":{"rendered":"","protected":false},"author":1,"featured_media":0,"parent":0,"menu_order":0,"comment_status":"closed","ping_status":"closed","template":"","meta":{"_acf_changed":false,"footnotes":""},"class_list":["post-3285","page","type-page","status-publish","hentry"],"acf":[],"yoast_head":"<!-- This site is optimized with the Yoast SEO plugin v27.4 - https:\/\/yoast.com\/product\/yoast-seo-wordpress\/ -->\n<title>Suplementos de Longevidad - Longevity Hub de Clinique La Prairie<\/title>\n<meta name=\"robots\" content=\"index, follow, max-snippet:-1, max-image-preview:large, max-video-preview:-1\" \/>\n<link rel=\"canonical\" href=\"https:\/\/longevity-hub.cliniquelaprairie.com\/es\/suplementos-de-longevidad\/\" \/>\n<meta property=\"og:locale\" content=\"es_ES\" \/>\n<meta property=\"og:type\" content=\"article\" \/>\n<meta property=\"og:title\" content=\"Suplementos de Longevidad - Longevity Hub de Clinique La Prairie\" \/>\n<meta property=\"og:url\" content=\"https:\/\/longevity-hub.cliniquelaprairie.com\/es\/suplementos-de-longevidad\/\" \/>\n<meta property=\"og:site_name\" content=\"Longevity Hub de Clinique La Prairie\" \/>\n<meta property=\"article:publisher\" content=\"https:\/\/www.facebook.com\/cliniquelaprairie\" \/>\n<meta property=\"article:modified_time\" content=\"2023-05-22T22:28:12+00:00\" \/>\n<meta name=\"twitter:card\" content=\"summary_large_image\" \/>\n<meta name=\"twitter:site\" content=\"@cliniqueprairie\" \/>\n<script type=\"application\/ld+json\" class=\"yoast-schema-graph\">{\"@context\":\"https:\\\/\\\/schema.org\",\"@graph\":[{\"@type\":\"WebPage\",\"@id\":\"https:\\\/\\\/longevity-hub.cliniquelaprairie.com\\\/es\\\/suplementos-de-longevidad\\\/\",\"url\":\"https:\\\/\\\/longevity-hub.cliniquelaprairie.com\\\/es\\\/suplementos-de-longevidad\\\/\",\"name\":\"Suplementos de Longevidad - Longevity Hub de Clinique La Prairie\",\"isPartOf\":{\"@id\":\"https:\\\/\\\/longevity-hub.cliniquelaprairie.com\\\/es\\\/#website\"},\"datePublished\":\"2023-03-27T18:12:56+00:00\",\"dateModified\":\"2023-05-22T22:28:12+00:00\",\"breadcrumb\":{\"@id\":\"https:\\\/\\\/longevity-hub.cliniquelaprairie.com\\\/es\\\/suplementos-de-longevidad\\\/#breadcrumb\"},\"inLanguage\":\"es\",\"potentialAction\":[{\"@type\":\"ReadAction\",\"target\":[\"https:\\\/\\\/longevity-hub.cliniquelaprairie.com\\\/es\\\/suplementos-de-longevidad\\\/\"]}]},{\"@type\":\"BreadcrumbList\",\"@id\":\"https:\\\/\\\/longevity-hub.cliniquelaprairie.com\\\/es\\\/suplementos-de-longevidad\\\/#breadcrumb\",\"itemListElement\":[{\"@type\":\"ListItem\",\"position\":1,\"name\":\"Home\",\"item\":\"https:\\\/\\\/longevity-hub.cliniquelaprairie.com\\\/es\\\/inicio\\\/\"},{\"@type\":\"ListItem\",\"position\":2,\"name\":\"Suplementos de Longevidad\"}]},{\"@type\":\"WebSite\",\"@id\":\"https:\\\/\\\/longevity-hub.cliniquelaprairie.com\\\/es\\\/#website\",\"url\":\"https:\\\/\\\/longevity-hub.cliniquelaprairie.com\\\/es\\\/\",\"name\":\"Longevity Hub by Clinique La Prairie\",\"description\":\"Protocolos personalizados al m\u00e1ximo para optimizar su salud\",\"publisher\":{\"@id\":\"https:\\\/\\\/longevity-hub.cliniquelaprairie.com\\\/es\\\/#organization\"},\"potentialAction\":[{\"@type\":\"SearchAction\",\"target\":{\"@type\":\"EntryPoint\",\"urlTemplate\":\"https:\\\/\\\/longevity-hub.cliniquelaprairie.com\\\/es\\\/?s={search_term_string}\"},\"query-input\":{\"@type\":\"PropertyValueSpecification\",\"valueRequired\":true,\"valueName\":\"search_term_string\"}}],\"inLanguage\":\"es\"},{\"@type\":\"Organization\",\"@id\":\"https:\\\/\\\/longevity-hub.cliniquelaprairie.com\\\/es\\\/#organization\",\"name\":\"Longevity Hub by Clinique La Prairie\",\"url\":\"https:\\\/\\\/longevity-hub.cliniquelaprairie.com\\\/es\\\/\",\"logo\":{\"@type\":\"ImageObject\",\"inLanguage\":\"es\",\"@id\":\"https:\\\/\\\/longevity-hub.cliniquelaprairie.com\\\/es\\\/#\\\/schema\\\/logo\\\/image\\\/\",\"url\":\"https:\\\/\\\/longevity-hub.cliniquelaprairie.com\\\/wp-content\\\/uploads\\\/2023\\\/04\\\/cropped-FAVICON-LH-.png\",\"contentUrl\":\"https:\\\/\\\/longevity-hub.cliniquelaprairie.com\\\/wp-content\\\/uploads\\\/2023\\\/04\\\/cropped-FAVICON-LH-.png\",\"width\":512,\"height\":512,\"caption\":\"Longevity Hub by Clinique La Prairie\"},\"image\":{\"@id\":\"https:\\\/\\\/longevity-hub.cliniquelaprairie.com\\\/es\\\/#\\\/schema\\\/logo\\\/image\\\/\"},\"sameAs\":[\"https:\\\/\\\/www.facebook.com\\\/cliniquelaprairie\",\"https:\\\/\\\/x.com\\\/cliniqueprairie\",\"https:\\\/\\\/www.instagram.com\\\/cliniquelaprairie\"]}]}<\/script>\n<!-- \/ Yoast SEO plugin. -->","yoast_head_json":{"title":"Suplementos de Longevidad - Longevity Hub de Clinique La Prairie","robots":{"index":"index","follow":"follow","max-snippet":"max-snippet:-1","max-image-preview":"max-image-preview:large","max-video-preview":"max-video-preview:-1"},"canonical":"https:\/\/longevity-hub.cliniquelaprairie.com\/es\/suplementos-de-longevidad\/","og_locale":"es_ES","og_type":"article","og_title":"Suplementos de Longevidad - Longevity Hub de Clinique La Prairie","og_url":"https:\/\/longevity-hub.cliniquelaprairie.com\/es\/suplementos-de-longevidad\/","og_site_name":"Longevity Hub de Clinique La Prairie","article_publisher":"https:\/\/www.facebook.com\/cliniquelaprairie","article_modified_time":"2023-05-22T22:28:12+00:00","twitter_card":"summary_large_image","twitter_site":"@cliniqueprairie","schema":{"@context":"https:\/\/schema.org","@graph":[{"@type":"WebPage","@id":"https:\/\/longevity-hub.cliniquelaprairie.com\/es\/suplementos-de-longevidad\/","url":"https:\/\/longevity-hub.cliniquelaprairie.com\/es\/suplementos-de-longevidad\/","name":"Suplementos de Longevidad - Longevity Hub de Clinique La Prairie","isPartOf":{"@id":"https:\/\/longevity-hub.cliniquelaprairie.com\/es\/#website"},"datePublished":"2023-03-27T18:12:56+00:00","dateModified":"2023-05-22T22:28:12+00:00","breadcrumb":{"@id":"https:\/\/longevity-hub.cliniquelaprairie.com\/es\/suplementos-de-longevidad\/#breadcrumb"},"inLanguage":"es","potentialAction":[{"@type":"ReadAction","target":["https:\/\/longevity-hub.cliniquelaprairie.com\/es\/suplementos-de-longevidad\/"]}]},{"@type":"BreadcrumbList","@id":"https:\/\/longevity-hub.cliniquelaprairie.com\/es\/suplementos-de-longevidad\/#breadcrumb","itemListElement":[{"@type":"ListItem","position":1,"name":"Home","item":"https:\/\/longevity-hub.cliniquelaprairie.com\/es\/inicio\/"},{"@type":"ListItem","position":2,"name":"Suplementos de Longevidad"}]},{"@type":"WebSite","@id":"https:\/\/longevity-hub.cliniquelaprairie.com\/es\/#website","url":"https:\/\/longevity-hub.cliniquelaprairie.com\/es\/","name":"Longevity Hub by Clinique La Prairie","description":"Protocolos personalizados al m\u00e1ximo para optimizar su salud","publisher":{"@id":"https:\/\/longevity-hub.cliniquelaprairie.com\/es\/#organization"},"potentialAction":[{"@type":"SearchAction","target":{"@type":"EntryPoint","urlTemplate":"https:\/\/longevity-hub.cliniquelaprairie.com\/es\/?s={search_term_string}"},"query-input":{"@type":"PropertyValueSpecification","valueRequired":true,"valueName":"search_term_string"}}],"inLanguage":"es"},{"@type":"Organization","@id":"https:\/\/longevity-hub.cliniquelaprairie.com\/es\/#organization","name":"Longevity Hub by Clinique La Prairie","url":"https:\/\/longevity-hub.cliniquelaprairie.com\/es\/","logo":{"@type":"ImageObject","inLanguage":"es","@id":"https:\/\/longevity-hub.cliniquelaprairie.com\/es\/#\/schema\/logo\/image\/","url":"https:\/\/longevity-hub.cliniquelaprairie.com\/wp-content\/uploads\/2023\/04\/cropped-FAVICON-LH-.png","contentUrl":"https:\/\/longevity-hub.cliniquelaprairie.com\/wp-content\/uploads\/2023\/04\/cropped-FAVICON-LH-.png","width":512,"height":512,"caption":"Longevity Hub by Clinique La Prairie"},"image":{"@id":"https:\/\/longevity-hub.cliniquelaprairie.com\/es\/#\/schema\/logo\/image\/"},"sameAs":["https:\/\/www.facebook.com\/cliniquelaprairie","https:\/\/x.com\/cliniqueprairie","https:\/\/www.instagram.com\/cliniquelaprairie"]}]}},"_links":{"self":[{"href":"https:\/\/longevity-hub.cliniquelaprairie.com\/es\/wp-json\/wp\/v2\/pages\/3285","targetHints":{"allow":["GET"]}}],"collection":[{"href":"https:\/\/longevity-hub.cliniquelaprairie.com\/es\/wp-json\/wp\/v2\/pages"}],"about":[{"href":"https:\/\/longevity-hub.cliniquelaprairie.com\/es\/wp-json\/wp\/v2\/types\/page"}],"author":[{"embeddable":true,"href":"https:\/\/longevity-hub.cliniquelaprairie.com\/es\/wp-json\/wp\/v2\/users\/1"}],"replies":[{"embeddable":true,"href":"https:\/\/longevity-hub.cliniquelaprairie.com\/es\/wp-json\/wp\/v2\/comments?post=3285"}],"version-history":[{"count":8,"href":"https:\/\/longevity-hub.cliniquelaprairie.com\/es\/wp-json\/wp\/v2\/pages\/3285\/revisions"}],"predecessor-version":[{"id":3294,"href":"https:\/\/longevity-hub.cliniquelaprairie.com\/es\/wp-json\/wp\/v2\/pages\/3285\/revisions\/3294"}],"wp:attachment":[{"href":"https:\/\/longevity-hub.cliniquelaprairie.com\/es\/wp-json\/wp\/v2\/media?parent=3285"}],"curies":[{"name":"wp","href":"https:\/\/api.w.org\/{rel}","templated":true}]}}